{"id":114,"date":"2019-12-30T11:28:24","date_gmt":"2019-12-30T08:28:24","guid":{"rendered":"http:\/\/denticare.bold-themes.com\/michelle\/?page_id=114"},"modified":"2024-06-05T05:45:07","modified_gmt":"2024-06-05T02:45:07","slug":"our-story","status":"publish","type":"page","link":"https:\/\/expertsdentalclinic.com\/en\/about-us\/our-story\/","title":{"rendered":"Our history"},"content":{"rendered":"<p><section id=\"bt_bb_section69fd4edabd6a0\" class=\"bt_bb_section bt_bb_layout_boxed_1200 bt_bb_vertical_align_bottom bt_bb_bottom_section_coverage_image bt_bb_section_with_bottom_coverage_image\" style=\";background-color:#fdabb7;\" data-bt-override-class=\"null\"><div class=\"bt_bb_background_image_holder_wrapper\"><div class=\"bt_bb_background_image_holder btLazyLoadBackground bt_bb_parallax\"  data-background_image_src=\"https:\/\/expertsdentalclinic.com\/wp-content\/uploads\/2024\/03\/sliderbackground.jpg\" data-parallax=\"0.6\" data-parallax-offset=\"0\" data-parallax-zoom-start=\"1\" data-parallax-zoom-end=\"1\" data-parallax-blur-start=\"0\" data-parallax-blur-end=\"0\" data-parallax-opacity-start=\"1\" data-parallax-opacity-end=\"1\" style=\" background-image: url(&#039;https:\/\/expertsdentalclinic.com\/wp-content\/plugins\/bold-page-builder\/img\/blank.gif&#039;);\"><\/div><\/div><div class=\"bt_bb_port\"><div class=\"bt_bb_cell\"><div class=\"bt_bb_cell_inner\"><div class=\"bt_bb_row\"  data-bt-override-class=\"{}\"><div class=\"bt_bb_row_holder\" ><div  class=\"bt_bb_column col-xxl-12 col-xl-12 bt_bb_vertical_align_middle bt_bb_align_center bt_bb_padding_normal\" style=\"; --column-width:12;\" data-width=\"12\" data-bt-override-class=\"{}\"><div class=\"bt_bb_column_content\"><div class=\"bt_bb_column_content_inner\"><div class=\"bt_bb_separator bt_bb_border_style_none bt_bb_top_spacing_extra_large bt_bb_hidden_md bt_bb_hidden_lg\" data-bt-override-class=\"null\"><\/div><div class=\"bt_bb_separator bt_bb_border_style_none bt_bb_top_spacing_medium bt_bb_hidden_xs bt_bb_hidden_ms bt_bb_hidden_sm\" data-bt-override-class=\"null\"><\/div><div class=\"bt_bb_separator bt_bb_border_style_none bt_bb_top_spacing_extra_large\" data-bt-override-class=\"null\"><\/div><header class=\"bt_bb_headline bt_bb_font_weight_bold bt_bb_color_scheme_9 bt_bb_dash_none bt_bb_subheadline bt_bb_size_large bt_bb_align_inherit bt_bb_dash_type_none\" style=\"; --primary-color:#191919; --secondary-color:#333c4a;;color:rgb(255,255,255);border-color:rgb(255,255,255);\" data-bt-override-class=\"{&quot;bt_bb_align_&quot;:{&quot;current_class&quot;:&quot;bt_bb_align_inherit&quot;,&quot;xxl&quot;:&quot;inherit&quot;,&quot;xl&quot;:&quot;inherit&quot;}}\"><h1 class=\"bt_bb_headline_tag\"><span class=\"bt_bb_headline_content\"><span><s>Our history<\/s><\/span><\/span><\/h1><div class=\"bt_bb_headline_subheadline\">As Experts Dental Clinic Oral and Dental Health Polyclinic, its basic philosophy is to provide continuity of service quality, unconditional patient satisfaction, science, honesty and friendly service with its highly specialized and experienced Dentistry staff.<\/div><\/header><div class=\"bt_bb_separator bt_bb_border_style_none bt_bb_top_spacing_small bt_bb_bottom_spacing_small\" data-bt-override-class=\"null\"><\/div><div class=\"bt_bb_button bt_bb_color_scheme_8 bt_bb_icon_position_right bt_bb_style_filled bt_bb_size_medium bt_bb_width_inline bt_bb_shape_inherit bt_bb_target_self bt_bb_align_inherit\" style=\"; --primary-color:#333c4a; --secondary-color:#ffffff;\" data-bt-override-class=\"{&quot;bt_bb_size_&quot;:{&quot;current_class&quot;:&quot;bt_bb_size_medium&quot;,&quot;xxl&quot;:&quot;medium&quot;,&quot;xl&quot;:&quot;medium&quot;},&quot;bt_bb_align_&quot;:{&quot;current_class&quot;:&quot;bt_bb_align_inherit&quot;,&quot;xxl&quot;:&quot;inherit&quot;,&quot;xl&quot;:&quot;inherit&quot;}}\"><a href=\"https:\/\/expertsdentalclinic.com\/en\/tedaviler\/\" target=\"_self\" class=\"bt_bb_link\" title=\"Treatments\"><span class=\"bt_bb_button_text\" >Treatments<\/span><span  data-ico-fontawesome=\"&#xf105;\" class=\"bt_bb_icon_holder\"><\/span><\/a><\/div><div class=\"bt_bb_separator bt_bb_border_style_none bt_bb_bottom_spacing_medium\" data-bt-override-class=\"null\"><\/div><\/div><\/div><\/div><\/div><\/div><\/div><!-- cell_inner --><\/div><!-- cell --><\/div><!-- port --><div class=\"bt_bb_section_bottom_section_coverage_image\"><img decoding=\"async\" src=\"https:\/\/expertsdentalclinic.com\/wp-content\/uploads\/2020\/01\/bottom-cover-2.png\" alt=\"bt_bb_section_bottom_section_coverage_image\" \/><\/div><\/section><section id=\"bt_bb_section69fd4edabdc3d\" class=\"bt_bb_section bt_bb_layout_boxed_1200 bt_bb_vertical_align_top bt_bb_top_spacing_large bt_bb_bottom_spacing_large\"  data-bt-override-class=\"null\"><div class=\"bt_bb_port\"><div class=\"bt_bb_cell\"><div class=\"bt_bb_cell_inner\"><div class=\"bt_bb_row\"  data-bt-override-class=\"{}\"><div class=\"bt_bb_row_holder\" ><div  class=\"bt_bb_column col-xxl-12 col-xl-12 bt_bb_vertical_align_top bt_bb_align_left bt_bb_padding_normal\" style=\"; --column-width:12;\" data-width=\"12\" data-bt-override-class=\"{}\"><div class=\"bt_bb_column_content\"><div class=\"bt_bb_column_content_inner\"><div  class=\"bt_bb_text\" ><div class=\"bold_timeline_container bold_timeline_container_line_style_solid bold_timeline_container_has_line_style bold_timeline_container_line_thickness_normal bold_timeline_container_item_style_outline bold_timeline_container_line_position_vertical bold_timeline_container_line_position_overlap bold_timeline_container_line_position_center bold_timeline_container_item_frame_thickness_normal bold_timeline_container_item_shape_hard_rounded bold_timeline_container_item_icon_position_line bold_timeline_container_item_icon_shape_hard_rounded bold_timeline_container_item_icon_style_outline bold_timeline_container_item_connection_type_line bold_timeline_container_item_content_display_show bold_timeline_container_item_marker_type_dot bold_timeline_container_item_title_size_normal bold_timeline_container_item_supertitle_style_sticker bold_timeline_container_item_alignment_left bold_timeline_container_has_group_title_font bold_timeline_container_item_media_position_bottom bold_timeline_container_item_images_columns_2 bold_timeline_container_item_animation_fade_in bold_timeline_container_group_style_filled bold_timeline_container_group_shape_hard_rounded bold_timeline_container_group_thickness_normal bold_timeline_container_group_content_display_show bold_timeline_container_button_style_outline bold_timeline_container_button_shape_square bold_timeline_container_button_size_small bold_timeline_container_group_title_size_small\" id=\"id_69fd4edabe89f\" style=\"; --group-title-font: &#039;Playfair Display&#039;; --boldthemes-default-group-color: #e8c463; --boldthemes-default-item-background-color: #f2f2f2; --boldthemes-default-frame-color: #e8c463; --boldthemes-default-icon-color: #333c4a; --boldthemes-default-marker-color: #333c4a; --boldthemes-default-connection-color: #e8c463;\" data-css-override=\"\"><div class = \"bold_timeline_container_line\"><\/div><div class=\"bold_timeline_container_content\"><div class=\"bold_timeline_group bold_timeline_group_override_style_filled bold_timeline_group_override_shape_hard_rounded bold_timeline_group_override_content_display_show bold_timeline_group_override_title_size_small bold_timeline_animate\" id=\"id_69fd4edabeaee\" data-css-override=\"\"><div class=\"bold_timeline_group_inner\"><div class=\"bold_timeline_group_header\"><div class=\"bold_timeline_group_header_inner\"><h3 class=\"bold_timeline_group_header_title\">2014  &#8211; 2021<\/h3><\/div><\/div><\/div><div class=\"bold_timeline_group_content\"><div class=\"bold_timeline_item bold_timeline_item_override_style_inherit bold_timeline_item_override_shape_inherit bold_timeline_item_override_frame_thickness_inherit bold_timeline_item_override_connection_type_inherit bold_timeline_item_override_content_display_inherit bold_timeline_item_override_animation_inherit bold_timeline_animate bold_timeline_item_override_marker_type_inherit bold_timeline_item_override_icon_position_inherit bold_timeline_item_override_icon_style_inherit bold_timeline_item_override_icon_shape_inherit bold_timeline_item_override_media_position_inherit bold_timeline_item_override_title_size_inherit bold_timeline_item_override_supertitle_style_inherit bold_timeline_item_override_alignment_inherit bold_timeline_item_has_icon bold_timeline_item_override_images_columns_inherit\" id=\"id_69fd4edabecd2\" data-css-override=\"\" data-margin-top=\"0\"><div class = \"bold_timeline_item_icon\" data-ico-fa=\"&#xf1fd;\"><\/div><div class = \"bold_timeline_item_marker\"><\/div><div class = \"bold_timeline_item_connection\"><\/div><div class=\"bold_timeline_item_inner\"><div class=\"bold_timeline_item_header\"><div class=\"bold_timeline_item_header_inner\"><p class=\"bold_timeline_item_header_supertitle\"><span class=\"bold_timeline_item_header_supertitle_inner\">2014 <\/span><\/p><h2 class=\"bold_timeline_item_header_title\">Experts Oral and Dental Polyclinic was established<\/h2><\/div><\/div><div class=\"bold_timeline_item_content\"><div class=\"bold_timeline_item_content_inner\"><div class=\"bold_timeline_item_text\" id=\"id_69fd4edabf613\"><div class=\"bold_timeline_item_text_inner\"><p>Uzmanlar Oral and Dental Polyclinic was founded by Tuncay Sarmaz in 2014 and provides services according to the standards of 4 modern fully equipped hospitals in Alanya and aims to provide you with high quality service. Our clinic is always equipped with the latest technology, offers the best service, ensures the highest customer satisfaction and gives you every opportunity.<\/p><\/div><\/div><div class=\"bold_timeline_item_text\" id=\"id_69fd4edabf733\"><\/div><\/div><div class=\"bold_timeline_item_media\"><div class=\"bold_timeline_item_media_inner\"><div class=\"bold_timeline_item_media_images\"><div class=\"bold_timeline_item_media_image\"><img decoding=\"async\" src=\"https:\/\/expertsdentalclinic.com\/wp-content\/uploads\/2021\/06\/clinic-1.jpg\" alt=\"\" title=\"clinic 1\"><\/div><div class=\"bold_timeline_item_media_image\"><img decoding=\"async\" src=\"https:\/\/expertsdentalclinic.com\/wp-content\/uploads\/2021\/06\/clinic-3.jpg\" alt=\"\" title=\"clinic 3\"><\/div><div class=\"bold_timeline_item_media_image\"><img decoding=\"async\" src=\"https:\/\/expertsdentalclinic.com\/wp-content\/uploads\/2021\/06\/clinic-4.jpg\" alt=\"\" title=\"clinic 4\"><\/div><div class=\"bold_timeline_item_media_image\"><img decoding=\"async\" src=\"https:\/\/expertsdentalclinic.com\/wp-content\/uploads\/2021\/06\/clinic2.jpg\" alt=\"\" title=\"clinic2\"><\/div><\/div><\/div><\/div><\/div><\/div><\/div><div class=\"bold_timeline_item bold_timeline_item_override_style_inherit bold_timeline_item_override_shape_inherit bold_timeline_item_override_frame_thickness_inherit bold_timeline_item_override_connection_type_inherit bold_timeline_item_override_content_display_inherit bold_timeline_item_override_animation_inherit bold_timeline_animate bold_timeline_item_override_marker_type_inherit bold_timeline_item_override_icon_position_inherit bold_timeline_item_override_icon_style_inherit bold_timeline_item_override_icon_shape_inherit bold_timeline_item_override_media_position_inherit bold_timeline_item_override_title_size_inherit bold_timeline_item_override_supertitle_style_inherit bold_timeline_item_override_alignment_inherit bold_timeline_item_has_icon bold_timeline_item_override_images_columns_inherit\" id=\"id_69fd4edabf86c\" data-css-override=\"\" data-margin-top=\"0\"><div class = \"bold_timeline_item_icon\" data-ico-fa=\"&#xf0f7;\"><\/div><div class = \"bold_timeline_item_marker\"><\/div><div class = \"bold_timeline_item_connection\"><\/div><div class=\"bold_timeline_item_inner\"><div class=\"bold_timeline_item_header\"><div class=\"bold_timeline_item_header_inner\"><p class=\"bold_timeline_item_header_supertitle\"><span class=\"bold_timeline_item_header_supertitle_inner\">2017<\/span><\/p><h2 class=\"bold_timeline_item_header_title\">Service to Resident Foreign and Local Persons<\/h2><\/div><\/div><div class=\"bold_timeline_item_content\"><div class=\"bold_timeline_item_content_inner\"><p>Our clinic also adopts the quality approach of all its units and maintains it in the long term to ensure the satisfaction of our customers and employees.<\/p><\/div><div class=\"bold_timeline_item_media\"><div class=\"bold_timeline_item_media_inner\"><div class=\"bold_timeline_item_media_images\"><div class=\"bold_timeline_item_media_image\"><img decoding=\"async\" src=\"https:\/\/expertsdentalclinic.com\/wp-content\/uploads\/2021\/06\/implant-1-768x768.jpg\" alt=\"\" title=\"implant-1\"><\/div><div class=\"bold_timeline_item_media_image\"><img decoding=\"async\" src=\"https:\/\/expertsdentalclinic.com\/wp-content\/uploads\/2021\/06\/ortodonti-before-after-7-768x768.jpg\" alt=\"\" title=\"orthodontics before-after-7\"><\/div><div class=\"bold_timeline_item_media_image\"><img decoding=\"async\" src=\"https:\/\/expertsdentalclinic.com\/wp-content\/uploads\/2021\/06\/ortodonti-before-after-5-768x768.jpg\" alt=\"\" title=\"orthodontics before-after-5\"><\/div><div class=\"bold_timeline_item_media_image\"><img decoding=\"async\" src=\"https:\/\/expertsdentalclinic.com\/wp-content\/uploads\/2021\/06\/ortodonti-before-after-3-768x768.jpg\" alt=\"\" title=\"orthodontics before-after-3\"><\/div><\/div><\/div><\/div><\/div><\/div><\/div><div class=\"bold_timeline_item bold_timeline_item_override_style_inherit bold_timeline_item_override_shape_inherit bold_timeline_item_override_frame_thickness_inherit bold_timeline_item_override_connection_type_inherit bold_timeline_item_override_content_display_inherit bold_timeline_item_override_animation_inherit bold_timeline_animate bold_timeline_item_override_marker_type_inherit bold_timeline_item_override_icon_position_inherit bold_timeline_item_override_icon_style_inherit bold_timeline_item_override_icon_shape_inherit bold_timeline_item_override_media_position_inherit bold_timeline_item_override_title_size_inherit bold_timeline_item_override_supertitle_style_inherit bold_timeline_item_override_alignment_inherit bold_timeline_item_has_icon bold_timeline_item_override_images_columns_inherit\" id=\"id_69fd4edac02c7\" data-css-override=\"\" data-margin-top=\"0\"><div class = \"bold_timeline_item_icon\" data-ico-fa=\"&#xf0f1;\"><\/div><div class = \"bold_timeline_item_marker\"><\/div><div class = \"bold_timeline_item_connection\"><\/div><div class=\"bold_timeline_item_inner\"><div class=\"bold_timeline_item_header\"><div class=\"bold_timeline_item_header_inner\"><p class=\"bold_timeline_item_header_supertitle\"><span class=\"bold_timeline_item_header_supertitle_inner\">2019<\/span><\/p><h2 class=\"bold_timeline_item_header_title\">Focus on Dental Tourism<\/h2><\/div><\/div><div class=\"bold_timeline_item_content\"><div class=\"bold_timeline_item_content_inner\"><p>The center also has its own patient suites. Accommodation in these suites is free for all our patients during the treatment period. Transfers to and from the airport are also arranged.<\/p><p>1,7 milyonun \u00fczerindeki n\u00fcfusuyla Alanya, \u0130stanbul ve Atina&#8217;dan sonra G\u00fcneydo\u011fu Avrupa&#8217;n\u0131n \u00fc\u00e7\u00fcnc\u00fc b\u00fcy\u00fck \u015fehridir. B\u00fcy\u00fckl\u00fc\u011f\u00fcne ek olarak, Alanya halk\u0131 gen\u00e7lerin \u015fehri olarak adland\u0131r\u0131lmaktan gurur duyuyor, \u00e7\u00fcnk\u00fc sakinlerinin %40&#8217;\u0131ndan fazlas\u0131 15 ila 44 ya\u015flar\u0131 aras\u0131nda. Alanya \u00e7ok samimi ve konu\u015fkan bir kalabal\u0131k, her zaman partiye haz\u0131r. Bu nedenle, Alanya&#8217;n\u0131n gece hayat\u0131, \u015fehrin sosyal a\u011flardaki benzer g\u00f6r\u00fc\u015fleri vb. Giderek daha fazla payla\u015f\u0131lan ziyaret\u00e7isinin tan\u0131k oldu\u011fu gibi, d\u00fcnyan\u0131n en heyecan verici yerlerinden biridir.<\/p><\/div><div class=\"bold_timeline_item_media\"><div class=\"bold_timeline_item_media_inner\"><div class=\"bold_timeline_item_media_images\"><div class=\"bold_timeline_item_media_image\"><img decoding=\"async\" src=\"https:\/\/expertsdentalclinic.com\/wp-content\/uploads\/2021\/05\/transfer.jpg\" alt=\"\" title=\"transfer\"><\/div><div class=\"bold_timeline_item_media_image\"><img decoding=\"async\" src=\"https:\/\/expertsdentalclinic.com\/wp-content\/uploads\/2021\/05\/aktiviteler.jpg\" alt=\"\" title=\"activities\"><\/div><div class=\"bold_timeline_item_media_image\"><img decoding=\"async\" src=\"https:\/\/expertsdentalclinic.com\/wp-content\/uploads\/2021\/05\/travel.jpg\" alt=\"\" title=\"travel\"><\/div><div class=\"bold_timeline_item_media_image\"><img decoding=\"async\" src=\"https:\/\/expertsdentalclinic.com\/wp-content\/uploads\/2021\/06\/dentaltourism.jpg\" alt=\"\" title=\"dentaltourism\"><\/div><\/div><\/div><\/div><\/div><\/div><\/div><div class=\"bold_timeline_item bold_timeline_item_override_style_inherit bold_timeline_item_override_shape_inherit bold_timeline_item_override_frame_thickness_inherit bold_timeline_item_override_connection_type_inherit bold_timeline_item_override_content_display_inherit bold_timeline_item_override_animation_inherit bold_timeline_animate bold_timeline_item_override_marker_type_inherit bold_timeline_item_override_icon_position_inherit bold_timeline_item_override_icon_style_inherit bold_timeline_item_override_icon_shape_inherit bold_timeline_item_override_media_position_inherit bold_timeline_item_override_title_size_inherit bold_timeline_item_override_supertitle_style_inherit bold_timeline_item_override_alignment_inherit bold_timeline_item_has_icon bold_timeline_item_override_images_columns_inherit\" id=\"id_69fd4edac0b6b\" data-css-override=\"\" data-margin-top=\"0\"><div class = \"bold_timeline_item_icon\" data-ico-fa=\"&#xf087;\"><\/div><div class = \"bold_timeline_item_marker\"><\/div><div class = \"bold_timeline_item_connection\"><\/div><div class=\"bold_timeline_item_inner\"><div class=\"bold_timeline_item_header\"><div class=\"bold_timeline_item_header_inner\"><p class=\"bold_timeline_item_header_supertitle\"><span class=\"bold_timeline_item_header_supertitle_inner\">2021<\/span><\/p><h2 class=\"bold_timeline_item_header_title\">expanding across Europe<\/h2><\/div><\/div><div class=\"bold_timeline_item_content\"><div class=\"bold_timeline_item_content_inner\"><p>We stand out from others because our patients trust us, and we do our best to maintain that trust. We guarantee the protection of our patients with our experience, expertise and continuous professional development. We have a solid foundation to post a success rate higher than that recorded globally, and our practical work bears witness to this. Success can only be measured by those who have kept their own statistical records for a period of at least ten years, and such an assessment requires at least 15 years of experience. Any assessment given without such analysis is unreliable and lacks realistic foundations.<\/p><p>As Uzmanlar Oral and Dental Health Polyclinic, we address all segments with our specialist doctors in all treatments at international standards, taking advantage of all the possibilities of technology. In addition, thanks to our health tourism compliance certificate, we provide uninterrupted and safe service to patients abroad.<\/p><\/div><div class=\"bold_timeline_item_media\"><div class=\"bold_timeline_item_media_inner\"><div class=\"bold_timeline_item_media_images\"><div class=\"bold_timeline_item_media_image\"><img decoding=\"async\" src=\"https:\/\/expertsdentalclinic.com\/wp-content\/uploads\/2020\/02\/timeline_03-768x512.jpg\" alt=\"\" title=\"timeline_03\"><\/div><div class=\"bold_timeline_item_media_image\"><img decoding=\"async\" src=\"https:\/\/expertsdentalclinic.com\/wp-content\/uploads\/2020\/02\/timeline_04-768x513.jpg\" alt=\"\" title=\"timeline_04\"><\/div><\/div><\/div><\/div><\/div><\/div><\/div><\/div><div class=\"bold_timeline_group_show_button\"><div class=\"bold_timeline_group_show_button_inner\">[bold_timeline_item_button title=&#8221;Expand&#8221; style=&#8221;&#8221; shape=&#8221;&#8221; color=&#8221;&#8221; size=&#8221;inline&#8221; url=&#8221;#&#8221; el_class=&#8221;bold_timeline_group_button&#8221;]<\/div><\/div><\/div><\/div><\/div><\/div><\/div><\/div><\/div><\/div><\/div><\/div><!-- cell_inner --><\/div><!-- cell --><\/div><!-- port --><\/section><\/p>","protected":false},"excerpt":{"rendered":"<p>Quickly aggregate B2B users and worldwide potentialities. Progressively plagiarize resource-leveling e-commerce through resource-leveling core competencies. Dramatically mesh low-risk high-yield alignments before transparent e-tailers.<\/p>","protected":false},"author":22142,"featured_media":0,"parent":1871,"menu_order":0,"comment_status":"closed","ping_status":"closed","template":"","meta":{"footnotes":""},"class_list":["post-114","page","type-page","status-publish","hentry"],"yoast_head":"<!-- This site is optimized with the Yoast SEO Premium plugin v15.9.1 - https:\/\/yoast.com\/wordpress\/plugins\/seo\/ -->\n<title>Tarihimiz - Dental Experts | Oral and Dental Health Polyclinic<\/title>\n<meta property=\"og:locale\" content=\"en_US\" \/>\n<meta property=\"og:type\" content=\"article\" \/>\n<meta property=\"og:title\" content=\"Tarihimiz - Dental Experts | Oral and Dental Health Polyclinic\" \/>\n<meta property=\"og:description\" content=\"Quickly aggregate B2B users and worldwide potentialities. Progressively plagiarize resource-leveling e-commerce through resource-leveling core competencies. Dramatically mesh low-risk high-yield alignments before transparent e-tailers.\" \/>\n<meta property=\"og:url\" content=\"https:\/\/expertsdentalclinic.com\/en\/about-us\/our-story\/\" \/>\n<meta property=\"og:site_name\" content=\"Dental Experts | Oral and Dental Health Polyclinic\" \/>\n<meta property=\"article:modified_time\" content=\"2024-06-05T02:45:07+00:00\" \/>\n<meta name=\"twitter:card\" content=\"summary_large_image\" \/>\n<meta name=\"twitter:label1\" content=\"Est. reading time\">\n\t<meta name=\"twitter:data1\" content=\"3 minutes\">\n<script type=\"application\/ld+json\" class=\"yoast-schema-graph\">{\"@context\":\"https:\/\/schema.org\",\"@graph\":[{\"@type\":\"WebSite\",\"@id\":\"https:\/\/expertsdentalclinic.com\/#website\",\"url\":\"https:\/\/expertsdentalclinic.com\/\",\"name\":\"Dental Experts | Oral and Dental Health Polyclinic\",\"description\":\"Dental Holiday in Turkey | Dental Tourism\",\"potentialAction\":[{\"@type\":\"SearchAction\",\"target\":\"https:\/\/expertsdentalclinic.com\/?s={search_term_string}\",\"query-input\":\"required name=search_term_string\"}],\"inLanguage\":\"en-US\"},{\"@type\":\"WebPage\",\"@id\":\"https:\/\/expertsdentalclinic.com\/about-us\/our-story\/#webpage\",\"url\":\"https:\/\/expertsdentalclinic.com\/about-us\/our-story\/\",\"name\":\"Tarihimiz - Dental Experts | Oral and Dental Health Polyclinic\",\"isPartOf\":{\"@id\":\"https:\/\/expertsdentalclinic.com\/#website\"},\"datePublished\":\"2019-12-30T08:28:24+00:00\",\"dateModified\":\"2024-06-05T02:45:07+00:00\",\"breadcrumb\":{\"@id\":\"https:\/\/expertsdentalclinic.com\/about-us\/our-story\/#breadcrumb\"},\"inLanguage\":\"en-US\",\"potentialAction\":[{\"@type\":\"ReadAction\",\"target\":[\"https:\/\/expertsdentalclinic.com\/about-us\/our-story\/\"]}]},{\"@type\":\"BreadcrumbList\",\"@id\":\"https:\/\/expertsdentalclinic.com\/about-us\/our-story\/#breadcrumb\",\"itemListElement\":[{\"@type\":\"ListItem\",\"position\":1,\"item\":{\"@type\":\"WebPage\",\"@id\":\"https:\/\/expertsdentalclinic.com\/\",\"url\":\"https:\/\/expertsdentalclinic.com\/\",\"name\":\"Home\"}},{\"@type\":\"ListItem\",\"position\":2,\"item\":{\"@type\":\"WebPage\",\"@id\":\"https:\/\/expertsdentalclinic.com\/about-us\/\",\"url\":\"https:\/\/expertsdentalclinic.com\/about-us\/\",\"name\":\"Hakk\\u0131m\\u0131zda\"}},{\"@type\":\"ListItem\",\"position\":3,\"item\":{\"@type\":\"WebPage\",\"@id\":\"https:\/\/expertsdentalclinic.com\/about-us\/our-story\/\",\"url\":\"https:\/\/expertsdentalclinic.com\/about-us\/our-story\/\",\"name\":\"Tarihimiz\"}}]}]}<\/script>\n<!-- \/ Yoast SEO Premium plugin. -->","_links":{"self":[{"href":"https:\/\/expertsdentalclinic.com\/en\/wp-json\/wp\/v2\/pages\/114","targetHints":{"allow":["GET"]}}],"collection":[{"href":"https:\/\/expertsdentalclinic.com\/en\/wp-json\/wp\/v2\/pages"}],"about":[{"href":"https:\/\/expertsdentalclinic.com\/en\/wp-json\/wp\/v2\/types\/page"}],"author":[{"embeddable":true,"href":"https:\/\/expertsdentalclinic.com\/en\/wp-json\/wp\/v2\/users\/22142"}],"replies":[{"embeddable":true,"href":"https:\/\/expertsdentalclinic.com\/en\/wp-json\/wp\/v2\/comments?post=114"}],"version-history":[{"count":21,"href":"https:\/\/expertsdentalclinic.com\/en\/wp-json\/wp\/v2\/pages\/114\/revisions"}],"predecessor-version":[{"id":4796,"href":"https:\/\/expertsdentalclinic.com\/en\/wp-json\/wp\/v2\/pages\/114\/revisions\/4796"}],"up":[{"embeddable":true,"href":"https:\/\/expertsdentalclinic.com\/en\/wp-json\/wp\/v2\/pages\/1871"}],"wp:attachment":[{"href":"https:\/\/expertsdentalclinic.com\/en\/wp-json\/wp\/v2\/media?parent=114"}],"curies":[{"name":"wp","href":"https:\/\/api.w.org\/{rel}","templated":true}]}}