{"id":1873,"date":"2019-12-30T11:37:59","date_gmt":"2019-12-30T08:37:59","guid":{"rendered":"http:\/\/denticare.bold-themes.com\/michelle\/?page_id=162"},"modified":"2024-03-03T03:14:18","modified_gmt":"2024-03-03T00:14:18","slug":"dentalturizmsureci","status":"publish","type":"page","link":"https:\/\/expertsdentalclinic.com\/en\/dentalturizmsureci\/","title":{"rendered":"Health Tourism Process"},"content":{"rendered":"<p><section id=\"bt_bb_section69fecb9322eab\" class=\"bt_bb_section bt_bb_layout_boxed_1200 bt_bb_vertical_align_bottom bt_bb_bottom_section_coverage_image bt_bb_section_with_bottom_coverage_image\" style=\";background-color:rgb(232,196,99);\" data-bt-override-class=\"null\"><div class=\"bt_bb_background_image_holder_wrapper\"><div class=\"bt_bb_background_image_holder btLazyLoadBackground bt_bb_parallax\"  data-background_image_src=\"https:\/\/expertsdentalclinic.com\/wp-content\/uploads\/2024\/03\/sliderbackground.jpg\" data-parallax=\"0.6\" data-parallax-offset=\"0\" data-parallax-zoom-start=\"1\" data-parallax-zoom-end=\"1\" data-parallax-blur-start=\"0\" data-parallax-blur-end=\"0\" data-parallax-opacity-start=\"1\" data-parallax-opacity-end=\"1\" style=\" background-image: url(&#039;https:\/\/expertsdentalclinic.com\/wp-content\/plugins\/bold-page-builder\/img\/blank.gif&#039;);\"><\/div><\/div><div class=\"bt_bb_port\"><div class=\"bt_bb_cell\"><div class=\"bt_bb_cell_inner\"><div class=\"bt_bb_row\"  data-bt-override-class=\"{}\"><div class=\"bt_bb_row_holder\" ><div  class=\"bt_bb_column col-xxl-6 col-xl-6 bt_bb_vertical_align_bottom bt_bb_align_left bt_bb_padding_normal\" style=\"; --column-width:6;\" data-width=\"6\" data-bt-override-class=\"{}\"><div class=\"bt_bb_column_content\"><div class=\"bt_bb_column_content_inner\"><div class=\"bt_bb_separator bt_bb_border_style_none bt_bb_top_spacing_large bt_bb_hidden_md bt_bb_hidden_lg\" data-bt-override-class=\"null\"><\/div><div class=\"bt_bb_separator bt_bb_border_style_none bt_bb_top_spacing_medium\" data-bt-override-class=\"null\"><\/div><header class=\"bt_bb_headline bt_bb_font_weight_bold bt_bb_color_scheme_9 bt_bb_dash_none bt_bb_subheadline bt_bb_size_large bt_bb_align_inherit bt_bb_dash_type_none\" style=\"; --primary-color:#191919; --secondary-color:#333c4a;;color:rgb(255,255,255);border-color:rgb(255,255,255);\" data-bt-override-class=\"{&quot;bt_bb_align_&quot;:{&quot;current_class&quot;:&quot;bt_bb_align_inherit&quot;,&quot;xxl&quot;:&quot;inherit&quot;,&quot;xl&quot;:&quot;inherit&quot;}}\"><h1 class=\"bt_bb_headline_tag\"><span class=\"bt_bb_headline_content\"><span><s>Period<\/s><\/span><\/span><\/h1><div class=\"bt_bb_headline_subheadline\">When you come to Alanya, you will realize that the total cost of accommodation, flight and dental treatment is more affordable than the cost of just a single dental treatment in any European country.<\/div><\/header><div class=\"bt_bb_separator bt_bb_border_style_none bt_bb_top_spacing_extra_small bt_bb_bottom_spacing_extra_small\" data-bt-override-class=\"null\"><\/div><div class=\"bt_bb_button bt_bb_color_scheme_8 bt_bb_icon_position_right bt_bb_style_filled bt_bb_size_medium bt_bb_width_inline bt_bb_shape_inherit bt_bb_target_self bt_bb_align_inherit\" style=\"; --primary-color:#333c4a; --secondary-color:#ffffff;\" data-bt-override-class=\"{&quot;bt_bb_size_&quot;:{&quot;current_class&quot;:&quot;bt_bb_size_medium&quot;,&quot;xxl&quot;:&quot;medium&quot;,&quot;xl&quot;:&quot;medium&quot;},&quot;bt_bb_align_&quot;:{&quot;current_class&quot;:&quot;bt_bb_align_inherit&quot;,&quot;xxl&quot;:&quot;inherit&quot;,&quot;xl&quot;:&quot;inherit&quot;}}\"><a href=\"\/en\/randevu\/\" target=\"_self\" class=\"bt_bb_link\" title=\"Meeting\"><span class=\"bt_bb_button_text\" >Meeting<\/span><span  data-ico-fontawesome=\"&#xf105;\" class=\"bt_bb_icon_holder\"><\/span><\/a><\/div><div class=\"bt_bb_separator bt_bb_border_style_none bt_bb_bottom_spacing_large\" data-bt-override-class=\"null\"><\/div><\/div><\/div><\/div><div  class=\"bt_bb_column col-xxl-6 col-xl-6 bt_bb_vertical_align_top bt_bb_align_left bt_bb_padding_normal bt_bb_animation_fade_in move_up animate bt_bb_hidden_xs bt_bb_hidden_ms bt_bb_hidden_sm\" style=\"; --column-width:6;\" data-width=\"6\" data-bt-override-class=\"{}\"><div class=\"bt_bb_column_content\"><div class=\"bt_bb_column_content_inner\"><div class=\"bt_bb_separator bt_bb_border_style_none bt_bb_top_spacing_medium\" data-bt-override-class=\"null\"><\/div><div class=\"bt_bb_floating_image bt_bb_floating_image_horizontal_position_default bt_bb_floating_image_vertical_position_default bt_bb_floating_image_animation_delay_default bt_bb_floating_image_animation_duration_default bt_bb_floating_image_animation_style_ease_out\" data-speed=\"1.0\"><div class=\"bt_bb_floating_image_image\" data-speed=\"1.0\"><div class=\"bt_bb_image\" data-bt-override-class=\"{}\"><span><img fetchpriority=\"high\" decoding=\"async\" width=\"931\" height=\"942\" src=\"https:\/\/expertsdentalclinic.com\/wp-content\/uploads\/2021\/05\/floater-1.png\" class=\"attachment-full size-full\" alt=\"https:\/\/expertsdentalclinic.com\/wp-content\/uploads\/2021\/05\/floater-1.png\" data-full_image_src=\"https:\/\/expertsdentalclinic.com\/wp-content\/uploads\/2021\/05\/floater-1.png\" title=\"floater-1\" loading=\"eager\" srcset=\"https:\/\/expertsdentalclinic.com\/wp-content\/uploads\/2021\/05\/floater-1.png 931w, https:\/\/expertsdentalclinic.com\/wp-content\/uploads\/2021\/05\/floater-1-640x648.png 640w, https:\/\/expertsdentalclinic.com\/wp-content\/uploads\/2021\/05\/floater-1-768x777.png 768w, https:\/\/expertsdentalclinic.com\/wp-content\/uploads\/2021\/05\/floater-1-320x324.png 320w\" sizes=\"(max-width: 931px) 100vw, 931px\" \/><\/span><\/div><\/div><\/div><div class=\"bt_bb_image bt_bb_shape_square bt_bb_target_self bt_bb_align_inherit bt_bb_hover_style_simple bt_bb_content_display_always bt_bb_content_align_middle\" data-bt-override-class=\"{&quot;bt_bb_align_&quot;:{&quot;current_class&quot;:&quot;bt_bb_align_inherit&quot;,&quot;xxl&quot;:&quot;inherit&quot;,&quot;xl&quot;:&quot;inherit&quot;}}\"><span><img loading=\"lazy\" decoding=\"async\" width=\"1039\" height=\"960\" src=\"https:\/\/expertsdentalclinic.com\/wp-content\/uploads\/2021\/05\/dentaltourism-2.png\" class=\"attachment-full size-full\" alt=\"https:\/\/expertsdentalclinic.com\/wp-content\/uploads\/2021\/05\/dentaltourism-2.png\" data-full_image_src=\"https:\/\/expertsdentalclinic.com\/wp-content\/uploads\/2021\/05\/dentaltourism-2.png\" title=\"dentaltourism\" srcset=\"https:\/\/expertsdentalclinic.com\/wp-content\/uploads\/2021\/05\/dentaltourism-2.png 1039w, https:\/\/expertsdentalclinic.com\/wp-content\/uploads\/2021\/05\/dentaltourism-2-640x591.png 640w, https:\/\/expertsdentalclinic.com\/wp-content\/uploads\/2021\/05\/dentaltourism-2-768x710.png 768w, https:\/\/expertsdentalclinic.com\/wp-content\/uploads\/2021\/05\/dentaltourism-2-320x296.png 320w\" sizes=\"auto, (max-width: 1039px) 100vw, 1039px\" \/><\/span><\/div><\/div><\/div><\/div><\/div><\/div><\/div><!-- cell_inner --><\/div><!-- cell --><\/div><!-- port --><div class=\"bt_bb_section_bottom_section_coverage_image\"><img decoding=\"async\" src=\"https:\/\/expertsdentalclinic.com\/wp-content\/uploads\/2020\/01\/bottom-cover-2.png\" alt=\"bt_bb_section_bottom_section_coverage_image\" \/><\/div><\/section><section id=\"bt_bb_section69fecb9323b41\" class=\"bt_bb_section bt_bb_layout_boxed_1200 bt_bb_vertical_align_top bt_bb_top_spacing_medium\"  data-bt-override-class=\"null\"><div class=\"bt_bb_port\"><div class=\"bt_bb_cell\"><div class=\"bt_bb_cell_inner\"><div class=\"bt_bb_row\"  data-bt-override-class=\"{}\"><div class=\"bt_bb_row_holder\" ><div  class=\"bt_bb_column col-xxl-12 col-xl-12 bt_bb_vertical_align_middle bt_bb_align_left bt_bb_padding_normal bt_bb_animation_fade_in animate\" style=\"; --column-width:12;\" data-width=\"12\" data-bt-override-class=\"{}\"><div class=\"bt_bb_column_content\"><div class=\"bt_bb_column_content_inner\"><div  class=\"bt_bb_text\" ><div class=\"bold_timeline_container bold_timeline_container_line_style_solid bold_timeline_container_has_line_style bold_timeline_container_line_thickness_normal bold_timeline_container_item_style_outline_top bold_timeline_container_line_position_vertical bold_timeline_container_line_position_overlap bold_timeline_container_line_position_center bold_timeline_container_item_frame_thickness_normal bold_timeline_container_item_shape_square bold_timeline_container_item_icon_position_line bold_timeline_container_item_icon_shape_hard_rounded bold_timeline_container_item_icon_style_shadow bold_timeline_container_item_connection_type_line bold_timeline_container_item_content_display_show bold_timeline_container_item_marker_type_dot bold_timeline_container_item_title_size_normal bold_timeline_container_item_supertitle_style_default bold_timeline_container_item_alignment_default bold_timeline_container_has_group_title_font bold_timeline_container_item_media_position_bottom bold_timeline_container_item_images_columns_2 bold_timeline_container_item_animation_fade_in bold_timeline_container_group_style_filled bold_timeline_container_group_shape_circle bold_timeline_container_group_thickness_normal bold_timeline_container_group_content_display_show bold_timeline_container_button_style_filled bold_timeline_container_button_shape_hard_rounded bold_timeline_container_button_size_small bold_timeline_container_group_title_size_small\" id=\"id_69fecb9324fae\" style=\"; --group-title-font: &#039;Playfair Display&#039;; --boldthemes-default-group-color: #fdabb7; --boldthemes-default-item-background-color: #f2f2f2; --boldthemes-default-frame-color: #fdabb7; --boldthemes-default-icon-color: #333c4a; --boldthemes-default-marker-color: #333c4a; --boldthemes-default-connection-color: #f2f2f2;\" data-css-override=\"\"><div class = \"bold_timeline_container_line\"><\/div><div class=\"bold_timeline_container_content\"><div class=\"bold_timeline_group bold_timeline_group_override_style_filled bold_timeline_group_override_shape_circle bold_timeline_group_override_content_display_show bold_timeline_group_override_title_size_small bold_timeline_animate\" id=\"id_69fecb93253c1\" data-css-override=\"\"><div class=\"bold_timeline_group_inner\"><\/div><div class=\"bold_timeline_group_content\"><div class=\"bold_timeline_item bold_timeline_item_override_style_inherit bold_timeline_item_override_shape_inherit bold_timeline_item_override_frame_thickness_inherit bold_timeline_item_override_connection_type_inherit bold_timeline_item_override_content_display_inherit bold_timeline_item_override_animation_inherit bold_timeline_animate bold_timeline_item_override_marker_type_inherit bold_timeline_item_override_icon_position_inherit bold_timeline_item_override_icon_style_inherit bold_timeline_item_override_icon_shape_inherit bold_timeline_item_override_media_position_inherit bold_timeline_item_override_title_size_inherit bold_timeline_item_override_supertitle_style_inherit bold_timeline_item_override_alignment_inherit bold_timeline_item_has_icon bold_timeline_item_override_images_columns_inherit\" id=\"id_69fecb93258e4\" data-css-override=\"\" data-margin-top=\"0\"><div class = \"bold_timeline_item_icon\" data-ico-dentistry=\"&#xe910;\"><\/div><div class = \"bold_timeline_item_marker\"><\/div><div class = \"bold_timeline_item_connection\"><\/div><div class=\"bold_timeline_item_inner\"><div class=\"bold_timeline_item_header\"><div class=\"bold_timeline_item_header_inner\"><p class=\"bold_timeline_item_header_supertitle\"><span class=\"bold_timeline_item_header_supertitle_inner\">1 stage<\/span><\/p><h2 class=\"bold_timeline_item_header_title\">Send your information via Whatsapp or E-mail<\/h2><\/div><\/div><div class=\"bold_timeline_item_content\"><div class=\"bold_timeline_item_content_inner\"><div class=\"bold_timeline_item_text\" id=\"id_69fecb9325b43\"><div class=\"bold_timeline_item_text_inner\"><p>If you have a panoramic x-ray, you can send it to our clinic via e-mail or post.<\/p><\/div><\/div><\/div><\/div><\/div><\/div><div class=\"bold_timeline_item bold_timeline_item_override_style_inherit bold_timeline_item_override_shape_inherit bold_timeline_item_override_frame_thickness_inherit bold_timeline_item_override_connection_type_inherit bold_timeline_item_override_content_display_inherit bold_timeline_item_override_animation_inherit bold_timeline_animate bold_timeline_item_override_marker_type_inherit bold_timeline_item_override_icon_position_inherit bold_timeline_item_override_icon_style_inherit bold_timeline_item_override_icon_shape_inherit bold_timeline_item_override_media_position_inherit bold_timeline_item_override_title_size_inherit bold_timeline_item_override_supertitle_style_inherit bold_timeline_item_override_alignment_inherit bold_timeline_item_has_icon bold_timeline_item_override_images_columns_inherit\" id=\"id_69fecb9325c45\" data-css-override=\"\" data-margin-top=\"0\"><div class = \"bold_timeline_item_icon\" data-ico-dentist2=\"&#xe900;\"><\/div><div class = \"bold_timeline_item_marker\"><\/div><div class = \"bold_timeline_item_connection\"><\/div><div class=\"bold_timeline_item_inner\"><div class=\"bold_timeline_item_header\"><div class=\"bold_timeline_item_header_inner\"><p class=\"bold_timeline_item_header_supertitle\"><span class=\"bold_timeline_item_header_supertitle_inner\">Stage 2<\/span><\/p><h2 class=\"bold_timeline_item_header_title\">Treatments and Cost<\/h2><\/div><\/div><div class=\"bold_timeline_item_content\"><div class=\"bold_timeline_item_content_inner\"><div class=\"bold_timeline_item_text\" id=\"id_69fecb9325ca5\"><div class=\"bold_timeline_item_text_inner\"><p>We examine your panoramic x-ray, determine the treatments to be performed and inform you about the treatment costs.<\/p><\/div><\/div><\/div><\/div><\/div><\/div><div class=\"bold_timeline_item bold_timeline_item_override_style_inherit bold_timeline_item_override_shape_inherit bold_timeline_item_override_frame_thickness_inherit bold_timeline_item_override_connection_type_inherit bold_timeline_item_override_content_display_inherit bold_timeline_item_override_animation_inherit bold_timeline_animate bold_timeline_item_override_marker_type_inherit bold_timeline_item_override_icon_position_inherit bold_timeline_item_override_icon_style_inherit bold_timeline_item_override_icon_shape_inherit bold_timeline_item_override_media_position_inherit bold_timeline_item_override_title_size_inherit bold_timeline_item_override_supertitle_style_inherit bold_timeline_item_override_alignment_inherit bold_timeline_item_has_icon bold_timeline_item_override_images_columns_inherit\" id=\"id_69fecb9325d93\" data-css-override=\"\" data-margin-top=\"0\"><div class = \"bold_timeline_item_icon\" data-ico-dentist2=\"&#xe902;\"><\/div><div class = \"bold_timeline_item_marker\"><\/div><div class = \"bold_timeline_item_connection\"><\/div><div class=\"bold_timeline_item_inner\"><div class=\"bold_timeline_item_header\"><div class=\"bold_timeline_item_header_inner\"><p class=\"bold_timeline_item_header_supertitle\"><span class=\"bold_timeline_item_header_supertitle_inner\">Stage 3<\/span><\/p><h2 class=\"bold_timeline_item_header_title\">Appointment date<\/h2><\/div><\/div><div class=\"bold_timeline_item_content\"><div class=\"bold_timeline_item_content_inner\"><div class=\"bold_timeline_item_text\" id=\"id_69fecb9325dde\"><div class=\"bold_timeline_item_text_inner\"><p>After your approval is received, an initial appointment date will be mutually determined. If you have previously received fillings, periodontal treatment, tooth extraction and x-ray treatment, you can shorten your treatment time in Turkey.<\/p><\/div><\/div><\/div><\/div><\/div><\/div><div class=\"bold_timeline_item bold_timeline_item_override_style_inherit bold_timeline_item_override_shape_inherit bold_timeline_item_override_frame_thickness_inherit bold_timeline_item_override_connection_type_inherit bold_timeline_item_override_content_display_inherit bold_timeline_item_override_animation_inherit bold_timeline_animate bold_timeline_item_override_marker_type_inherit bold_timeline_item_override_icon_position_inherit bold_timeline_item_override_icon_style_inherit bold_timeline_item_override_icon_shape_inherit bold_timeline_item_override_media_position_inherit bold_timeline_item_override_title_size_inherit bold_timeline_item_override_supertitle_style_inherit bold_timeline_item_override_alignment_inherit bold_timeline_item_has_icon bold_timeline_item_override_images_columns_inherit\" id=\"id_69fecb9325f4a\" data-css-override=\"\" data-margin-top=\"0\"><div class = \"bold_timeline_item_icon\" data-ico-dentist2=\"&#xe907;\"><\/div><div class = \"bold_timeline_item_marker\"><\/div><div class = \"bold_timeline_item_connection\"><\/div><div class=\"bold_timeline_item_inner\"><div class=\"bold_timeline_item_header\"><div class=\"bold_timeline_item_header_inner\"><p class=\"bold_timeline_item_header_supertitle\"><span class=\"bold_timeline_item_header_supertitle_inner\">Stage 4<\/span><\/p><h2 class=\"bold_timeline_item_header_title\">Trip<\/h2><\/div><\/div><div class=\"bold_timeline_item_content\"><div class=\"bold_timeline_item_content_inner\"><div class=\"bold_timeline_item_text\" id=\"id_69fecb9325f94\"><div class=\"bold_timeline_item_text_inner\"><p>When you decide to be treated in our clinic, we will arrange flights, transfers, hotels, etc. for you. we can arrange. We provide all your travel arrangements through our contracted travel agency.<\/p><\/div><\/div><\/div><\/div><\/div><\/div><div class=\"bold_timeline_item bold_timeline_item_override_style_inherit bold_timeline_item_override_shape_inherit bold_timeline_item_override_frame_thickness_inherit bold_timeline_item_override_connection_type_inherit bold_timeline_item_override_content_display_inherit bold_timeline_item_override_animation_inherit bold_timeline_animate bold_timeline_item_override_marker_type_inherit bold_timeline_item_override_icon_position_inherit bold_timeline_item_override_icon_style_inherit bold_timeline_item_override_icon_shape_inherit bold_timeline_item_override_media_position_inherit bold_timeline_item_override_title_size_inherit bold_timeline_item_override_supertitle_style_inherit bold_timeline_item_override_alignment_inherit bold_timeline_item_has_icon bold_timeline_item_override_images_columns_inherit\" id=\"id_69fecb9326072\" data-css-override=\"\" data-margin-top=\"0\"><div class = \"bold_timeline_item_icon\" data-ico-dentist2=\"&#xe909;\"><\/div><div class = \"bold_timeline_item_marker\"><\/div><div class = \"bold_timeline_item_connection\"><\/div><div class=\"bold_timeline_item_inner\"><div class=\"bold_timeline_item_header\"><div class=\"bold_timeline_item_header_inner\"><p class=\"bold_timeline_item_header_supertitle\"><span class=\"bold_timeline_item_header_supertitle_inner\">Step 5<\/span><\/p><h2 class=\"bold_timeline_item_header_title\">Post Treatment and Control<\/h2><\/div><\/div><div class=\"bold_timeline_item_content\"><div class=\"bold_timeline_item_content_inner\"><div class=\"bold_timeline_item_text\" id=\"id_69fecb93260ba\"><div class=\"bold_timeline_item_text_inner\"><p>When your holiday is combined with treatment, dental tourism can be an opportunity for you to receive low-cost and quality dental care. Contact us for more information.<\/p><\/div><\/div><\/div><\/div><\/div><\/div><\/div><div class=\"bold_timeline_group_show_button\"><div class=\"bold_timeline_group_show_button_inner\">[bold_timeline_item_button title=&#8221;Expand&#8221; style=&#8221;&#8221; shape=&#8221;&#8221; color=&#8221;&#8221; size=&#8221;inline&#8221; url=&#8221;#&#8221; el_class=&#8221;bold_timeline_group_button&#8221;]<\/div><\/div><\/div><\/div><\/div><\/div><div class=\"bt_bb_separator bt_bb_border_style_none bt_bb_bottom_spacing_normal\" data-bt-override-class=\"null\"><\/div><\/div><\/div><\/div><\/div><\/div><\/div><!-- cell_inner --><\/div><!-- cell --><\/div><!-- port --><\/section><\/p>","protected":false},"excerpt":{"rendered":"<p>Globally incubate standards compliant channels before scalable benefits. Quickly disseminate superior deliverables whereas web-enabled applications. Quickly drive clicks-and-mortar catalysts for change before vertical architectures.<\/p>","protected":false},"author":22142,"featured_media":494,"parent":0,"menu_order":0,"comment_status":"closed","ping_status":"closed","template":"","meta":{"footnotes":""},"class_list":["post-1873","page","type-page","status-publish","has-post-thumbnail","hentry"],"yoast_head":"<!-- This site is optimized with the Yoast SEO Premium plugin v15.9.1 - https:\/\/yoast.com\/wordpress\/plugins\/seo\/ -->\n<title>Sa\u011fl\u0131k Turizmi S\u00fcreci - Dental Experts | Oral and Dental Health Polyclinic<\/title>\n<meta property=\"og:locale\" content=\"en_US\" \/>\n<meta property=\"og:type\" content=\"article\" \/>\n<meta property=\"og:title\" content=\"Sa\u011fl\u0131k Turizmi S\u00fcreci - Dental Experts | Oral and Dental Health Polyclinic\" \/>\n<meta property=\"og:description\" content=\"Globally incubate standards compliant channels before scalable benefits. Quickly disseminate superior deliverables whereas web-enabled applications. Quickly drive clicks-and-mortar catalysts for change before vertical architectures.\" \/>\n<meta property=\"og:url\" content=\"https:\/\/expertsdentalclinic.com\/en\/dentalturizmsureci\/\" \/>\n<meta property=\"og:site_name\" content=\"Dental Experts | Oral and Dental Health Polyclinic\" \/>\n<meta property=\"article:modified_time\" content=\"2024-03-03T00:14:18+00:00\" \/>\n<meta property=\"og:image\" content=\"https:\/\/expertsdentalclinic.com\/wp-content\/uploads\/2018\/02\/57061.jpg\" \/>\n\t<meta property=\"og:image:width\" content=\"660\" \/>\n\t<meta property=\"og:image:height\" content=\"320\" \/>\n<meta name=\"twitter:card\" content=\"summary_large_image\" \/>\n<meta name=\"twitter:label1\" content=\"Est. reading time\">\n\t<meta name=\"twitter:data1\" content=\"4 minutes\">\n<script type=\"application\/ld+json\" class=\"yoast-schema-graph\">{\"@context\":\"https:\/\/schema.org\",\"@graph\":[{\"@type\":\"WebSite\",\"@id\":\"https:\/\/expertsdentalclinic.com\/#website\",\"url\":\"https:\/\/expertsdentalclinic.com\/\",\"name\":\"Dental Experts | Oral and Dental Health Polyclinic\",\"description\":\"Dental Holiday in Turkey | Dental Tourism\",\"potentialAction\":[{\"@type\":\"SearchAction\",\"target\":\"https:\/\/expertsdentalclinic.com\/?s={search_term_string}\",\"query-input\":\"required name=search_term_string\"}],\"inLanguage\":\"en-US\"},{\"@type\":\"ImageObject\",\"@id\":\"https:\/\/expertsdentalclinic.com\/dentalturizmsureci\/#primaryimage\",\"inLanguage\":\"en-US\",\"url\":\"https:\/\/expertsdentalclinic.com\/wp-content\/uploads\/2018\/02\/57061.jpg\",\"width\":660,\"height\":320},{\"@type\":\"WebPage\",\"@id\":\"https:\/\/expertsdentalclinic.com\/dentalturizmsureci\/#webpage\",\"url\":\"https:\/\/expertsdentalclinic.com\/dentalturizmsureci\/\",\"name\":\"Sa\\u011fl\\u0131k Turizmi S\\u00fcreci - Dental Experts | Oral and Dental Health Polyclinic\",\"isPartOf\":{\"@id\":\"https:\/\/expertsdentalclinic.com\/#website\"},\"primaryImageOfPage\":{\"@id\":\"https:\/\/expertsdentalclinic.com\/dentalturizmsureci\/#primaryimage\"},\"datePublished\":\"2019-12-30T08:37:59+00:00\",\"dateModified\":\"2024-03-03T00:14:18+00:00\",\"breadcrumb\":{\"@id\":\"https:\/\/expertsdentalclinic.com\/dentalturizmsureci\/#breadcrumb\"},\"inLanguage\":\"en-US\",\"potentialAction\":[{\"@type\":\"ReadAction\",\"target\":[\"https:\/\/expertsdentalclinic.com\/dentalturizmsureci\/\"]}]},{\"@type\":\"BreadcrumbList\",\"@id\":\"https:\/\/expertsdentalclinic.com\/dentalturizmsureci\/#breadcrumb\",\"itemListElement\":[{\"@type\":\"ListItem\",\"position\":1,\"item\":{\"@type\":\"WebPage\",\"@id\":\"https:\/\/expertsdentalclinic.com\/\",\"url\":\"https:\/\/expertsdentalclinic.com\/\",\"name\":\"Home\"}},{\"@type\":\"ListItem\",\"position\":2,\"item\":{\"@type\":\"WebPage\",\"@id\":\"https:\/\/expertsdentalclinic.com\/dentalturizmsureci\/\",\"url\":\"https:\/\/expertsdentalclinic.com\/dentalturizmsureci\/\",\"name\":\"Sa\\u011fl\\u0131k Turizmi S\\u00fcreci\"}}]}]}<\/script>\n<!-- \/ Yoast SEO Premium plugin. -->","_links":{"self":[{"href":"https:\/\/expertsdentalclinic.com\/en\/wp-json\/wp\/v2\/pages\/1873","targetHints":{"allow":["GET"]}}],"collection":[{"href":"https:\/\/expertsdentalclinic.com\/en\/wp-json\/wp\/v2\/pages"}],"about":[{"href":"https:\/\/expertsdentalclinic.com\/en\/wp-json\/wp\/v2\/types\/page"}],"author":[{"embeddable":true,"href":"https:\/\/expertsdentalclinic.com\/en\/wp-json\/wp\/v2\/users\/22142"}],"replies":[{"embeddable":true,"href":"https:\/\/expertsdentalclinic.com\/en\/wp-json\/wp\/v2\/comments?post=1873"}],"version-history":[{"count":20,"href":"https:\/\/expertsdentalclinic.com\/en\/wp-json\/wp\/v2\/pages\/1873\/revisions"}],"predecessor-version":[{"id":4727,"href":"https:\/\/expertsdentalclinic.com\/en\/wp-json\/wp\/v2\/pages\/1873\/revisions\/4727"}],"wp:featuredmedia":[{"embeddable":true,"href":"https:\/\/expertsdentalclinic.com\/en\/wp-json\/wp\/v2\/media\/494"}],"wp:attachment":[{"href":"https:\/\/expertsdentalclinic.com\/en\/wp-json\/wp\/v2\/media?parent=1873"}],"curies":[{"name":"wp","href":"https:\/\/api.w.org\/{rel}","templated":true}]}}