{"id":1884,"date":"2020-01-03T08:46:49","date_gmt":"2020-01-03T08:46:49","guid":{"rendered":"http:\/\/denticare.bold-themes.com\/michelle\/?page_id=264"},"modified":"2024-05-19T08:32:17","modified_gmt":"2024-05-19T05:32:17","slug":"ahmet-eren-toncu","status":"publish","type":"page","link":"https:\/\/expertsdentalclinic.com\/en\/ahmet-eren-toncu\/","title":{"rendered":"Ahmet Eren Toncu"},"content":{"rendered":"<p><section id=\"bt_bb_section69ff100e75e2a\" class=\"bt_bb_section bt_bb_layout_boxed_1200 bt_bb_vertical_align_top bt_bb_bottom_section_coverage_image bt_bb_section_with_bottom_coverage_image bt_bb_top_spacing_medium\" style=\";background-color:rgb(232,196,99);\" data-bt-override-class=\"null\"><div class=\"bt_bb_background_image_holder_wrapper\"><div class=\"bt_bb_background_image_holder btLazyLoadBackground bt_bb_parallax\"  data-background_image_src=\"https:\/\/expertsdentalclinic.com\/wp-content\/uploads\/2024\/03\/sliderbackground.jpg\" data-parallax=\"0.6\" data-parallax-offset=\"0\" data-parallax-zoom-start=\"1\" data-parallax-zoom-end=\"1\" data-parallax-blur-start=\"0\" data-parallax-blur-end=\"0\" data-parallax-opacity-start=\"1\" data-parallax-opacity-end=\"1\" style=\" background-image: url(&#039;https:\/\/expertsdentalclinic.com\/wp-content\/plugins\/bold-page-builder\/img\/blank.gif&#039;);\"><\/div><\/div><div class=\"bt_bb_port\"><div class=\"bt_bb_cell\"><div class=\"bt_bb_cell_inner\"><div class=\"bt_bb_row\"  data-bt-override-class=\"{}\"><div class=\"bt_bb_row_holder\" ><div  class=\"bt_bb_column col-xxl-6 col-xl-6 bt_bb_vertical_align_bottom bt_bb_align_left bt_bb_padding_normal\" style=\"; --column-width:6;\" data-width=\"6\" data-bt-override-class=\"{}\"><div class=\"bt_bb_column_content\"><div class=\"bt_bb_column_content_inner\"><div class=\"bt_bb_separator bt_bb_border_style_none bt_bb_bottom_spacing_large\" data-bt-override-class=\"null\"><\/div><header class=\"bt_bb_headline bt_bb_font_weight_bolder bt_bb_color_scheme_1 bt_bb_dash_none bt_bb_subheadline bt_bb_size_large bt_bb_align_inherit bt_bb_dash_type_none\" style=\"; --primary-color:#ffffff; --secondary-color:#191919;\" data-bt-override-class=\"{&quot;bt_bb_align_&quot;:{&quot;current_class&quot;:&quot;bt_bb_align_inherit&quot;,&quot;xxl&quot;:&quot;inherit&quot;,&quot;xl&quot;:&quot;inherit&quot;}}\"><h2 class=\"bt_bb_headline_tag\"><span class=\"bt_bb_headline_content\"><span><small>Orthodontist<\/small><br \/><br \/>\n<s>Dr. Dt. Ahmet Eren Toncu<\/s><\/span><\/span><\/h2><div class=\"bt_bb_headline_subheadline\">Doctor orthodontist Ahmet Eren Toncu works with the latest technology, the best treatment and the most beautiful smile guarantee for his patients.<\/div><\/header><div class=\"bt_bb_separator bt_bb_border_style_none bt_bb_top_spacing_normal\" data-bt-override-class=\"null\"><\/div><div class=\"bt_bb_icon btIcoFacebook bt_bb_style_filled bt_bb_size_xsmall bt_bb_shape_circle bt_bb_target_self bt_bb_text_empty bt_bb_align_inherit\" style=\"padding-right: .5em;\" data-bt-override-class=\"{}\"><a href=\"#\"  target=\"_self\"   data-ico-fontawesome5brands=\"&#xf39e;\" class=\"bt_bb_icon_holder\"><\/a><\/div><div class=\"bt_bb_icon btIcoTwitter bt_bb_style_filled bt_bb_size_xsmall bt_bb_shape_circle bt_bb_target_self bt_bb_text_empty bt_bb_align_inherit\" style=\"padding-right: .5em;\" data-bt-override-class=\"{}\"><a href=\"#\"  target=\"_self\"   data-ico-fontawesome5brands=\"&#xf099;\" class=\"bt_bb_icon_holder\"><\/a><\/div><div class=\"bt_bb_icon btIcoLinkedin bt_bb_style_filled bt_bb_size_xsmall bt_bb_shape_circle bt_bb_target_self bt_bb_text_empty bt_bb_align_inherit\" style=\"padding-right: .5em;\" data-bt-override-class=\"{}\"><a href=\"#\"  target=\"_self\"   data-ico-fontawesome5brands=\"&#xf0e1;\" class=\"bt_bb_icon_holder\"><\/a><\/div><div class=\"bt_bb_separator bt_bb_border_style_none bt_bb_bottom_spacing_medium\" data-bt-override-class=\"null\"><\/div><\/div><\/div><\/div><div  class=\"bt_bb_column col-xxl-6 col-xl-6 bt_bb_vertical_align_bottom bt_bb_align_center bt_bb_padding_normal bt_bb_animation_fade_in move_up animate\" style=\"position: relative;; --column-width:6;\" data-width=\"6\" data-bt-override-class=\"{}\"><div class=\"bt_bb_column_content\"><div class=\"bt_bb_column_content_inner\"><div class=\"bt_bb_floating_image bt_bb_floating_image_horizontal_position_default bt_bb_floating_image_vertical_position_default bt_bb_floating_image_animation_delay_default bt_bb_floating_image_animation_duration_default bt_bb_floating_image_animation_style_ease_out\" data-speed=\"1.0\"><div class=\"bt_bb_floating_image_image\" data-speed=\"1.0\"><div class=\"bt_bb_image\" data-bt-override-class=\"{}\"><span><img fetchpriority=\"high\" decoding=\"async\" width=\"931\" height=\"942\" src=\"https:\/\/expertsdentalclinic.com\/wp-content\/uploads\/2021\/05\/floater-1.png\" class=\"attachment-full size-full\" alt=\"https:\/\/expertsdentalclinic.com\/wp-content\/uploads\/2021\/05\/floater-1.png\" data-full_image_src=\"https:\/\/expertsdentalclinic.com\/wp-content\/uploads\/2021\/05\/floater-1.png\" title=\"floater-1\" loading=\"eager\" srcset=\"https:\/\/expertsdentalclinic.com\/wp-content\/uploads\/2021\/05\/floater-1.png 931w, https:\/\/expertsdentalclinic.com\/wp-content\/uploads\/2021\/05\/floater-1-640x648.png 640w, https:\/\/expertsdentalclinic.com\/wp-content\/uploads\/2021\/05\/floater-1-768x777.png 768w, https:\/\/expertsdentalclinic.com\/wp-content\/uploads\/2021\/05\/floater-1-320x324.png 320w\" sizes=\"(max-width: 931px) 100vw, 931px\" \/><\/span><\/div><\/div><\/div><div class=\"bt_bb_image bt_bb_shape_square bt_bb_target_self bt_bb_align_inherit bt_bb_hover_style_simple bt_bb_content_display_always bt_bb_content_align_middle\" style=\"max-width: 560px;\" data-bt-override-class=\"{&quot;bt_bb_align_&quot;:{&quot;current_class&quot;:&quot;bt_bb_align_inherit&quot;,&quot;xxl&quot;:&quot;inherit&quot;,&quot;xl&quot;:&quot;inherit&quot;}}\"><span><img decoding=\"async\" width=\"307\" height=\"412\" src=\"https:\/\/expertsdentalclinic.com\/wp-content\/uploads\/2024\/05\/Ortodonti-Uzmani-Dt.-Ahmet-eren-Toncu-tp-e1716096916811.png\" class=\"attachment-full size-full\" alt=\"https:\/\/expertsdentalclinic.com\/wp-content\/uploads\/2024\/05\/Ortodonti-Uzmani-Dt.-Ahmet-eren-Toncu-tp-e1716096916811.png\" data-full_image_src=\"https:\/\/expertsdentalclinic.com\/wp-content\/uploads\/2024\/05\/Ortodonti-Uzmani-Dt.-Ahmet-eren-Toncu-tp-e1716096916811.png\" title=\"Orthodontic Specialist Dt. Ahmet Eren Toncu-tp\" loading=\"eager\" srcset=\"https:\/\/expertsdentalclinic.com\/wp-content\/uploads\/2024\/05\/Ortodonti-Uzmani-Dt.-Ahmet-eren-Toncu-tp-e1716096916811.png 307w, https:\/\/expertsdentalclinic.com\/wp-content\/uploads\/2024\/05\/Ortodonti-Uzmani-Dt.-Ahmet-eren-Toncu-tp-e1716096916811-9x12.png 9w\" sizes=\"(max-width: 307px) 100vw, 307px\" \/><\/span><\/div><\/div><\/div><\/div><\/div><\/div><\/div><!-- cell_inner --><\/div><!-- cell --><\/div><!-- port --><div class=\"bt_bb_section_bottom_section_coverage_image\"><img decoding=\"async\" src=\"https:\/\/expertsdentalclinic.com\/wp-content\/uploads\/2020\/01\/bottom-cover-2.png\" alt=\"bt_bb_section_bottom_section_coverage_image\" \/><\/div><\/section><section id=\"bt_bb_section69ff100e76be0\" class=\"bt_bb_section bt_bb_layout_boxed_1200 bt_bb_vertical_align_top bt_bb_top_spacing_medium bt_bb_bottom_spacing_large\"  data-bt-override-class=\"null\"><div class=\"bt_bb_port\"><div class=\"bt_bb_cell\"><div class=\"bt_bb_cell_inner\"><div class=\"bt_bb_row  bt_bb_column_gap_25\" style=\"; --column-gap:25px;\" data-bt-override-class=\"{}\"><div class=\"bt_bb_row_holder\" ><div  class=\"bt_bb_column col-xxl-8 col-xl-8 bt_bb_vertical_align_top bt_bb_align_left bt_bb_padding_normal bt_bb_animation_fade_in animate\" style=\"; --column-width:8;\" data-width=\"8\" data-bt-override-class=\"{}\"><div class=\"bt_bb_column_content\"><div class=\"bt_bb_column_content_inner\"><div  class=\"bt_bb_text bt_bb_hidden_xs bt_bb_hidden_ms bt_bb_hidden_sm\" ><\/p>\n<blockquote class=\"btAccentQuote\">\n<p>We have implemented the latest technology in our clinic, based on many international quality standards, to respond quickly to your requests and offer environmentally friendly and trouble-free solutions.<\/p>\n<\/blockquote>\n<p>\n<\/div><div class=\"bt_bb_separator bt_bb_border_style_none bt_bb_top_spacing_normal\" data-bt-override-class=\"null\"><\/div><div class=\"bt_bb_row_inner\"   data-bt-override-class=\"{}\"><div class=\"bt_bb_row_inner_holder\"  ><div  class=\"bt_bb_column_inner col-xxl-6 col-xl-6 bt_bb_vertical_align_top bt_bb_align_left bt_bb_padding_normal\"  data-width=\"6\" data-bt-override-class=\"{}\"><div class=\"bt_bb_column_inner_content\"><div class=\"bt_bb_image bt_bb_shape_square bt_bb_target_self bt_bb_align_inherit bt_bb_hover_style_simple bt_bb_content_display_always bt_bb_content_align_middle\" data-bt-override-class=\"{}\"><span><img loading=\"lazy\" decoding=\"async\" width=\"640\" height=\"427\" src=\"https:\/\/expertsdentalclinic.com\/wp-content\/uploads\/2020\/03\/img-dr-dryan-640x427.jpg\" class=\"attachment-boldthemes_medium size-boldthemes_medium\" alt=\"https:\/\/expertsdentalclinic.com\/wp-content\/uploads\/2020\/03\/img-dr-dryan-640x427.jpg\" data-full_image_src=\"https:\/\/expertsdentalclinic.com\/wp-content\/uploads\/2020\/03\/img-dr-dryan.jpg\" srcset=\"https:\/\/expertsdentalclinic.com\/wp-content\/uploads\/2020\/03\/img-dr-dryan-640x427.jpg 640w, https:\/\/expertsdentalclinic.com\/wp-content\/uploads\/2020\/03\/img-dr-dryan-1280x854.jpg 1280w, https:\/\/expertsdentalclinic.com\/wp-content\/uploads\/2020\/03\/img-dr-dryan-768x512.jpg 768w, https:\/\/expertsdentalclinic.com\/wp-content\/uploads\/2020\/03\/img-dr-dryan-1536x1024.jpg 1536w, https:\/\/expertsdentalclinic.com\/wp-content\/uploads\/2020\/03\/img-dr-dryan-2048x1366.jpg 2048w, https:\/\/expertsdentalclinic.com\/wp-content\/uploads\/2020\/03\/img-dr-dryan-320x213.jpg 320w\" sizes=\"auto, (max-width: 640px) 100vw, 640px\" \/><\/span><\/div><div class=\"bt_bb_separator bt_bb_border_style_none bt_bb_top_spacing_extra_small bt_bb_bottom_spacing_small\" data-bt-override-class=\"null\"><\/div><div class=\"bt_bb_separator bt_bb_border_style_none bt_bb_bottom_spacing_small bt_bb_hidden_md bt_bb_hidden_lg\" data-bt-override-class=\"null\"><\/div><\/div><\/div><div  class=\"bt_bb_column_inner col-xxl-6 col-xl-6 bt_bb_vertical_align_top bt_bb_align_left bt_bb_padding_normal\"  data-width=\"6\" data-bt-override-class=\"{}\"><div class=\"bt_bb_column_inner_content\"><div  class=\"bt_bb_text\" ><\/p>\n<p>Orthodontist Specialist. Dt. Ahmet Eren (Alexandr) Toncu was born in Moldova. He graduated from Gazi University (Ankara) Faculty of Dentistry. Later, he received specialized professional training at \u00c7ukurova University (Adana) Faculty of Dentistry, Department of Orthodontics. Professional activities include all kinds of orthodontic treatment of patients with dental and malocclusion, as well as dental correction and aesthetics (bracket systems, Invisalign, orthognathic surgery). Orthodontist dt. Toncu Dental Expert accepts patients at his dental clinic.<\/p>\n<p>\n<\/div><\/div><\/div><\/div><\/div><div class=\"bt_bb_separator bt_bb_border_style_none bt_bb_top_spacing_normal bt_bb_hidden_md bt_bb_hidden_lg\" data-bt-override-class=\"null\"><\/div><\/div><\/div><\/div><div  class=\"bt_bb_column col-xxl-4 col-xl-4 bt_bb_vertical_align_top bt_bb_align_left bt_bb_padding_normal bt_bb_animation_fade_in animate\" style=\"; --column-width:4;\" data-width=\"4\" data-bt-override-class=\"{}\"><div class=\"bt_bb_column_content\"><div class=\"bt_bb_column_content_inner\"><div class=\"bt_bb_row_inner\"   data-bt-override-class=\"{}\"><div class=\"bt_bb_row_inner_holder\"  ><div  class=\"bt_bb_column_inner col-xxl-12 col-xl-12 bt_bb_vertical_align_top bt_bb_align_left bt_bb_padding_text_indent\" style=\"box-shadow: 0 0 0 4px #1c6495 inset; border-radius: 4px;\" data-width=\"12\" data-bt-override-class=\"{}\"><div class=\"bt_bb_column_inner_content\"><div class=\"bt_bb_separator bt_bb_border_style_none bt_bb_bottom_spacing_normal\" data-bt-override-class=\"null\"><\/div><header class=\"bt_bb_headline bt_bb_dash_none bt_bb_subheadline bt_bb_size_small bt_bb_align_inherit bt_bb_dash_type_none\" data-bt-override-class=\"{&quot;bt_bb_align_&quot;:{&quot;current_class&quot;:&quot;bt_bb_align_inherit&quot;,&quot;xxl&quot;:&quot;inherit&quot;,&quot;xl&quot;:&quot;inherit&quot;}}\"><h4 class=\"bt_bb_headline_tag\"><span class=\"bt_bb_headline_content\"><span><a href=\"\/en\/randevu\/\" target=\"_self\" title=\"Appointment Hours\">Appointment Hours<\/a><\/span><\/span><\/h4><div class=\"bt_bb_headline_subheadline\">Ahmet Eren Toncu ile randevu al\u0131n. \u00c7al\u0131\u015fma saatlerini kontrol edin ve devam etmek i\u00e7in ``Randevu`` butonuna t\u0131klay\u0131n.<\/div><\/header><div class=\"bt_bb_separator bt_bb_border_style_none bt_bb_top_spacing_small\" data-bt-override-class=\"null\"><\/div><div class=\"btWorkingHours  bt_bb_working_hours_has_link\" ><div class=\"btWorkingHoursInner\"><div class=\"bt_bb_working_hours_inner_row\"><div class=\"bt_bb_working_hours_inner_wrapper\"><div class=\"bt_bb_working_hours_inner_title\">Monday<\/div><div class=\"bt_bb_working_hours_inner_content\">08:00 - 19:00 <\/div><div class=\"bt_bb_working_hours_inner_link\"><a href=\"\/en\/appointment&lt;br \/&gt;\/\" title=\" Meeting\"> Meeting<\/a><\/div><\/div><\/div><div class=\"bt_bb_working_hours_inner_row\"><div class=\"bt_bb_working_hours_inner_wrapper\"><div class=\"bt_bb_working_hours_inner_title\">Tuesday<\/div><div class=\"bt_bb_working_hours_inner_content\">08:00 - 19:00<\/div><div class=\"bt_bb_working_hours_inner_link\"><a href=\"\/en\/appointment&lt;br \/&gt;\/\" title=\" Meeting\"> Meeting<\/a><\/div><\/div><\/div><div class=\"bt_bb_working_hours_inner_row\"><div class=\"bt_bb_working_hours_inner_wrapper\"><div class=\"bt_bb_working_hours_inner_title\">Wednesday<\/div><div class=\"bt_bb_working_hours_inner_content\">08:00 - 19:00 <\/div><div class=\"bt_bb_working_hours_inner_link\"><a href=\"\/en\/appointment&lt;br \/&gt;\/\" title=\" Meeting\"> Meeting<\/a><\/div><\/div><\/div><div class=\"bt_bb_working_hours_inner_row\"><div class=\"bt_bb_working_hours_inner_wrapper\"><div class=\"bt_bb_working_hours_inner_title\">Thursday<\/div><div class=\"bt_bb_working_hours_inner_content\">08:00 - 19:00 <\/div><div class=\"bt_bb_working_hours_inner_link\"><a href=\"\/en\/appointment&lt;br \/&gt;\/\" title=\" Meeting\"> Meeting<\/a><\/div><\/div><\/div><div class=\"bt_bb_working_hours_inner_row\"><div class=\"bt_bb_working_hours_inner_wrapper\"><div class=\"bt_bb_working_hours_inner_title\">Friday<\/div><div class=\"bt_bb_working_hours_inner_content\">08:00 - 19:00<\/div><div class=\"bt_bb_working_hours_inner_link\"><a href=\"\/en\/appointment&lt;br \/&gt;\/\" title=\" Meeting\"> Meeting<\/a><\/div><\/div><\/div><div class=\"bt_bb_working_hours_inner_row\"><div class=\"bt_bb_working_hours_inner_wrapper\"><div class=\"bt_bb_working_hours_inner_title\">Saturday<\/div><div class=\"bt_bb_working_hours_inner_content\">08:00 - 19:00 <\/div><div class=\"bt_bb_working_hours_inner_link\"><a href=\"\/en\/appointment&lt;br \/&gt;\/\" title=\" Meeting\"> Meeting<\/a><\/div><\/div><\/div><div class=\"bt_bb_working_hours_inner_row\"><div class=\"bt_bb_working_hours_inner_wrapper\"><div class=\"bt_bb_working_hours_inner_title\">sunday<\/div><div class=\"bt_bb_working_hours_inner_content\">08:00 - 19:00 <\/div><div class=\"bt_bb_working_hours_inner_link\"><a href=\"\/en\/appointment\/\" title=\"Meeting\">Meeting<\/a><\/div><\/div><\/div><\/div><\/div><div class=\"bt_bb_separator bt_bb_border_style_none bt_bb_bottom_spacing_normal\" data-bt-override-class=\"null\"><\/div><\/div><\/div><\/div><\/div><\/div><\/div><\/div><\/div><\/div><\/div><!-- cell_inner --><\/div><!-- cell --><\/div><!-- port --><\/section><\/p>","protected":false},"excerpt":{"rendered":"<p>Collaboratively administrate turnkey channels whereas virtual e-tailers. Objectively seize scalable metrics whereas proactive e-services. Seamlessly empower fully researched growth strategies and interoperable internal or organic sources.<\/p>","protected":false},"author":22142,"featured_media":0,"parent":0,"menu_order":0,"comment_status":"closed","ping_status":"closed","template":"","meta":{"footnotes":""},"class_list":["post-1884","page","type-page","status-publish","hentry"],"yoast_head":"<!-- This site is optimized with the Yoast SEO Premium plugin v15.9.1 - https:\/\/yoast.com\/wordpress\/plugins\/seo\/ -->\n<title>Ahmet Eren Toncu - Dental Experts | Oral and Dental Health Polyclinic<\/title>\n<meta property=\"og:locale\" content=\"en_US\" \/>\n<meta property=\"og:type\" content=\"article\" \/>\n<meta property=\"og:title\" content=\"Ahmet Eren Toncu - Dental Experts | Oral and Dental Health Polyclinic\" \/>\n<meta property=\"og:description\" content=\"Collaboratively administrate turnkey channels whereas virtual e-tailers. Objectively seize scalable metrics whereas proactive e-services. Seamlessly empower fully researched growth strategies and interoperable internal or organic sources.\" \/>\n<meta property=\"og:url\" content=\"https:\/\/expertsdentalclinic.com\/en\/ahmet-eren-toncu\/\" \/>\n<meta property=\"og:site_name\" content=\"Dental Experts | Oral and Dental Health Polyclinic\" \/>\n<meta property=\"article:modified_time\" content=\"2024-05-19T05:32:17+00:00\" \/>\n<meta name=\"twitter:card\" content=\"summary_large_image\" \/>\n<meta name=\"twitter:label1\" content=\"Est. reading time\">\n\t<meta name=\"twitter:data1\" content=\"7 minutes\">\n<script type=\"application\/ld+json\" class=\"yoast-schema-graph\">{\"@context\":\"https:\/\/schema.org\",\"@graph\":[{\"@type\":\"WebSite\",\"@id\":\"https:\/\/expertsdentalclinic.com\/#website\",\"url\":\"https:\/\/expertsdentalclinic.com\/\",\"name\":\"Dental Experts | Oral and Dental Health Polyclinic\",\"description\":\"Dental Holiday in Turkey | Dental Tourism\",\"potentialAction\":[{\"@type\":\"SearchAction\",\"target\":\"https:\/\/expertsdentalclinic.com\/?s={search_term_string}\",\"query-input\":\"required name=search_term_string\"}],\"inLanguage\":\"en-US\"},{\"@type\":\"WebPage\",\"@id\":\"https:\/\/expertsdentalclinic.com\/ahmet-eren-toncu\/#webpage\",\"url\":\"https:\/\/expertsdentalclinic.com\/ahmet-eren-toncu\/\",\"name\":\"Ahmet Eren Toncu - Dental Experts | Oral and Dental Health Polyclinic\",\"isPartOf\":{\"@id\":\"https:\/\/expertsdentalclinic.com\/#website\"},\"datePublished\":\"2020-01-03T08:46:49+00:00\",\"dateModified\":\"2024-05-19T05:32:17+00:00\",\"breadcrumb\":{\"@id\":\"https:\/\/expertsdentalclinic.com\/ahmet-eren-toncu\/#breadcrumb\"},\"inLanguage\":\"en-US\",\"potentialAction\":[{\"@type\":\"ReadAction\",\"target\":[\"https:\/\/expertsdentalclinic.com\/ahmet-eren-toncu\/\"]}]},{\"@type\":\"BreadcrumbList\",\"@id\":\"https:\/\/expertsdentalclinic.com\/ahmet-eren-toncu\/#breadcrumb\",\"itemListElement\":[{\"@type\":\"ListItem\",\"position\":1,\"item\":{\"@type\":\"WebPage\",\"@id\":\"https:\/\/expertsdentalclinic.com\/\",\"url\":\"https:\/\/expertsdentalclinic.com\/\",\"name\":\"Home\"}},{\"@type\":\"ListItem\",\"position\":2,\"item\":{\"@type\":\"WebPage\",\"@id\":\"https:\/\/expertsdentalclinic.com\/ahmet-eren-toncu\/\",\"url\":\"https:\/\/expertsdentalclinic.com\/ahmet-eren-toncu\/\",\"name\":\"Ahmet Eren Toncu\"}}]}]}<\/script>\n<!-- \/ Yoast SEO Premium plugin. -->","_links":{"self":[{"href":"https:\/\/expertsdentalclinic.com\/en\/wp-json\/wp\/v2\/pages\/1884","targetHints":{"allow":["GET"]}}],"collection":[{"href":"https:\/\/expertsdentalclinic.com\/en\/wp-json\/wp\/v2\/pages"}],"about":[{"href":"https:\/\/expertsdentalclinic.com\/en\/wp-json\/wp\/v2\/types\/page"}],"author":[{"embeddable":true,"href":"https:\/\/expertsdentalclinic.com\/en\/wp-json\/wp\/v2\/users\/22142"}],"replies":[{"embeddable":true,"href":"https:\/\/expertsdentalclinic.com\/en\/wp-json\/wp\/v2\/comments?post=1884"}],"version-history":[{"count":50,"href":"https:\/\/expertsdentalclinic.com\/en\/wp-json\/wp\/v2\/pages\/1884\/revisions"}],"predecessor-version":[{"id":4779,"href":"https:\/\/expertsdentalclinic.com\/en\/wp-json\/wp\/v2\/pages\/1884\/revisions\/4779"}],"wp:attachment":[{"href":"https:\/\/expertsdentalclinic.com\/en\/wp-json\/wp\/v2\/media?parent=1884"}],"curies":[{"name":"wp","href":"https:\/\/api.w.org\/{rel}","templated":true}]}}