{"id":2836,"date":"2021-05-21T10:09:44","date_gmt":"2021-05-21T07:09:44","guid":{"rendered":"https:\/\/expatalanya.com\/?page_id=2836"},"modified":"2024-03-03T03:23:09","modified_gmt":"2024-03-03T00:23:09","slug":"zirkonyum-kaplama","status":"publish","type":"page","link":"https:\/\/expertsdentalclinic.com\/en\/zirkonyum-kaplama\/","title":{"rendered":"Zirconium Coating"},"content":{"rendered":"<p><section id=\"bt_bb_section69fd4ef1d9ec7\" class=\"bt_bb_section bt_bb_layout_boxed_1200 bt_bb_vertical_align_bottom bt_bb_bottom_section_coverage_image bt_bb_section_with_bottom_coverage_image\" style=\";background-color:rgb(232,196,99);\" data-bt-override-class=\"null\"><div class=\"bt_bb_background_image_holder_wrapper\"><div class=\"bt_bb_background_image_holder btLazyLoadBackground bt_bb_parallax\"  data-background_image_src=\"https:\/\/expertsdentalclinic.com\/wp-content\/uploads\/2024\/03\/sliderbackground.jpg\" data-parallax=\"0.6\" data-parallax-offset=\"0\" data-parallax-zoom-start=\"1\" data-parallax-zoom-end=\"1\" data-parallax-blur-start=\"0\" data-parallax-blur-end=\"0\" data-parallax-opacity-start=\"1\" data-parallax-opacity-end=\"1\" style=\" background-image: url(&#039;https:\/\/expertsdentalclinic.com\/wp-content\/plugins\/bold-page-builder\/img\/blank.gif&#039;);\"><\/div><\/div><div class=\"bt_bb_port\"><div class=\"bt_bb_cell\"><div class=\"bt_bb_cell_inner\"><div class=\"bt_bb_row\"  data-bt-override-class=\"{}\"><div class=\"bt_bb_row_holder\" ><div  class=\"bt_bb_column col-xxl-12 col-xl-12 bt_bb_vertical_align_middle bt_bb_align_center bt_bb_padding_normal\" style=\"; --column-width:12;\" data-width=\"12\" data-bt-override-class=\"{}\"><div class=\"bt_bb_column_content\"><div class=\"bt_bb_column_content_inner\"><div class=\"bt_bb_separator bt_bb_border_style_none bt_bb_top_spacing_extra_large bt_bb_hidden_md bt_bb_hidden_lg\" data-bt-override-class=\"null\"><\/div><div class=\"bt_bb_separator bt_bb_border_style_none bt_bb_top_spacing_medium bt_bb_hidden_xs bt_bb_hidden_ms bt_bb_hidden_sm\" data-bt-override-class=\"null\"><\/div><div class=\"bt_bb_separator bt_bb_border_style_none bt_bb_top_spacing_extra_large\" data-bt-override-class=\"null\"><\/div><header class=\"bt_bb_headline bt_bb_font_weight_bold bt_bb_color_scheme_9 bt_bb_dash_none bt_bb_subheadline bt_bb_size_large bt_bb_align_inherit bt_bb_dash_type_none\" style=\"; --primary-color:#191919; --secondary-color:#333c4a;;color:rgb(255,255,255);border-color:rgb(255,255,255);\" data-bt-override-class=\"{&quot;bt_bb_align_&quot;:{&quot;current_class&quot;:&quot;bt_bb_align_inherit&quot;,&quot;xxl&quot;:&quot;inherit&quot;,&quot;xl&quot;:&quot;inherit&quot;}}\"><h1 class=\"bt_bb_headline_tag\"><span class=\"bt_bb_headline_content\"><span><s>Zirconium Coating<\/s><\/span><\/span><\/h1><div class=\"bt_bb_headline_subheadline\">Zirconium is a white hard metal. The framework used is zirconium, a durable metal from which a porcelain crown is made. Due to its white color, it is in the full ceramic or metallic porcelain group. Its light transmittance is much better than that of cermet, but emax is poorer than that of porcelain. If you are looking for both aesthetic and durable zirconium coatings, a specialist dental clinic and dental clinic with its experienced team is preferred. There is no metallic discoloration or gray highlights on the gums, which is one of the important reasons to choose zirconium.<\/div><\/header><div class=\"bt_bb_separator bt_bb_border_style_none bt_bb_top_spacing_small bt_bb_bottom_spacing_small\" data-bt-override-class=\"null\"><\/div><div class=\"bt_bb_button bt_bb_color_scheme_8 bt_bb_icon_position_right bt_bb_style_filled bt_bb_size_medium bt_bb_width_inline bt_bb_shape_inherit bt_bb_target_self bt_bb_align_inherit\" style=\"; --primary-color:#333c4a; --secondary-color:#ffffff;\" data-bt-override-class=\"{&quot;bt_bb_size_&quot;:{&quot;current_class&quot;:&quot;bt_bb_size_medium&quot;,&quot;xxl&quot;:&quot;medium&quot;,&quot;xl&quot;:&quot;medium&quot;},&quot;bt_bb_align_&quot;:{&quot;current_class&quot;:&quot;bt_bb_align_inherit&quot;,&quot;xxl&quot;:&quot;inherit&quot;,&quot;xl&quot;:&quot;inherit&quot;}}\"><a href=\"https:\/\/expertsdentalclinic.com\/en\/randevu\/\" target=\"_self\" class=\"bt_bb_link\" title=\"Make an Appointment\"><span class=\"bt_bb_button_text\" >Make an Appointment<\/span><span  data-ico-fontawesome=\"&#xf105;\" class=\"bt_bb_icon_holder\"><\/span><\/a><\/div><div class=\"bt_bb_separator bt_bb_border_style_none bt_bb_bottom_spacing_medium\" data-bt-override-class=\"null\"><\/div><\/div><\/div><\/div><\/div><\/div><\/div><!-- cell_inner --><\/div><!-- cell --><\/div><!-- port --><div class=\"bt_bb_section_bottom_section_coverage_image\"><img decoding=\"async\" src=\"https:\/\/expertsdentalclinic.com\/wp-content\/uploads\/2020\/01\/bottom-cover-2.png\" alt=\"bt_bb_section_bottom_section_coverage_image\" \/><\/div><\/section><section id=\"bt_bb_section69fd4ef1da2b5\" class=\"bt_bb_section bt_bb_layout_boxed_1200 bt_bb_vertical_align_top bt_bb_top_spacing_medium bt_bb_bottom_spacing_large\"  data-bt-override-class=\"null\"><div class=\"bt_bb_port\"><div class=\"bt_bb_cell\"><div class=\"bt_bb_cell_inner\"><div class=\"bt_bb_row  bt_bb_column_gap_25\" style=\"; --column-gap:25px;\" data-bt-override-class=\"{}\"><div class=\"bt_bb_row_holder\" ><div  class=\"bt_bb_column col-xxl-8 col-xl-8 bt_bb_vertical_align_top bt_bb_align_left bt_bb_padding_normal bt_bb_animation_fade_in animate\" style=\"; --column-width:8;\" data-width=\"8\" data-bt-override-class=\"{}\"><div class=\"bt_bb_column_content\"><div class=\"bt_bb_column_content_inner\"><div  class=\"bt_bb_text\" ><\/p>\n<h4><strong>Zirconium Coating<\/strong><\/h4>\n<p>\n<\/div><div class=\"bt_bb_separator bt_bb_border_style_none bt_bb_top_spacing_normal\" data-bt-override-class=\"null\"><\/div><div class=\"bt_bb_row_inner\"   data-bt-override-class=\"{}\"><div class=\"bt_bb_row_inner_holder\"  ><div  class=\"bt_bb_column_inner col-xxl-12 col-xl-12 bt_bb_vertical_align_top bt_bb_align_left bt_bb_padding_normal\"  data-width=\"12\" data-bt-override-class=\"{}\"><div class=\"bt_bb_column_inner_content\"><div class=\"bt_bb_image bt_bb_shape_square bt_bb_target_self bt_bb_align_inherit bt_bb_hover_style_simple bt_bb_content_display_always bt_bb_content_align_middle\" data-bt-override-class=\"{&quot;bt_bb_align_&quot;:{&quot;current_class&quot;:&quot;bt_bb_align_inherit&quot;,&quot;xxl&quot;:&quot;inherit&quot;,&quot;xl&quot;:&quot;inherit&quot;}}\"><span><img loading=\"lazy\" decoding=\"async\" width=\"320\" height=\"298\" src=\"https:\/\/expertsdentalclinic.com\/wp-content\/uploads\/2021\/05\/zirkonyum-kaplama-320x298.png\" class=\"attachment-boldthemes_small size-boldthemes_small\" alt=\"https:\/\/expertsdentalclinic.com\/wp-content\/uploads\/2021\/05\/zirkonyum-kaplama-320x298.png\" data-full_image_src=\"https:\/\/expertsdentalclinic.com\/wp-content\/uploads\/2021\/05\/zirkonyum-kaplama.png\" title=\"zirconium coating\" srcset=\"https:\/\/expertsdentalclinic.com\/wp-content\/uploads\/2021\/05\/zirkonyum-kaplama-320x298.png 320w, https:\/\/expertsdentalclinic.com\/wp-content\/uploads\/2021\/05\/zirkonyum-kaplama-640x597.png 640w, https:\/\/expertsdentalclinic.com\/wp-content\/uploads\/2021\/05\/zirkonyum-kaplama-768x716.png 768w, https:\/\/expertsdentalclinic.com\/wp-content\/uploads\/2021\/05\/zirkonyum-kaplama.png 800w\" sizes=\"auto, (max-width: 320px) 100vw, 320px\" \/><\/span><\/div><\/div><\/div><\/div><\/div><div class=\"bt_bb_row_inner\"   data-bt-override-class=\"{}\"><div class=\"bt_bb_row_inner_holder\"  ><div  class=\"bt_bb_column_inner col-xxl-12 col-xl-12 bt_bb_vertical_align_top bt_bb_align_left bt_bb_padding_normal\"  data-width=\"12\" data-bt-override-class=\"{}\"><div class=\"bt_bb_column_inner_content\"><div  class=\"bt_bb_text\" ><\/p>\n<p><strong>How is Zirconium Coating Applied in Our Experts Dental Clinic?<\/strong><\/p>\n<p>Zirconium is a tooth-colored material that supports feldspar porcelain. Its compatibility with oral tissues is much better than the alloys used in metal-based porcelains. At the same time, due to its chemical properties, it is not affected by oral fluids and does not cause discoloration, discoloration or gray streaks on the gums.<\/p>\n<p>Even if the gum is stretched, it does not lose its aesthetics.<\/p>\n<p>It can also be used in the treatment of dental bridges (except very long bridges) and on the dorsum due to its high strength. Although its light transmittance is slightly less than porcelain feldspar, it reaches an aesthetically pleasing level when using the correct zirconium system. Zirconium-based porcelain can be used for implant-supported crown bridges, distinguishing them from all other ceramic systems.<\/p>\n<p><strong>Stage 1 zirconium coating<\/strong>: After you decide to make a zirconium crown at the first examination in our Experts Dental Clinic, an incision is made on the tooth under local anesthesia, your measurements are taken and a temporary crown is applied, and then the appropriate porcelain color for your tooth is determined.<\/p>\n<p><strong>Stage 2 zirconium coating<\/strong>: The second phase begins in our Experts Dental Clinic. Zirconium crowns are trialled in our specialist dental clinic, but this course can be skipped for our short-term patients.<\/p>\n<p><strong>Stage 3 zirconium coating<\/strong>: In the third stage, in our Experts Dental Clinic, the finished zirconium coating is processed with anatomical, biological compatibility and functional integrity.<\/p>\n<p>\n<\/div><div class=\"bt_bb_separator bt_bb_border_style_none bt_bb_bottom_spacing_small bt_bb_hidden_md bt_bb_hidden_lg\" data-bt-override-class=\"null\"><\/div><\/div><\/div><\/div><\/div><\/div><\/div><\/div><div  class=\"bt_bb_column col-xxl-4 col-xl-4 bt_bb_vertical_align_top bt_bb_align_left bt_bb_padding_normal bt_bb_animation_fade_in animate\" style=\"; --column-width:4;\" data-width=\"4\" data-bt-override-class=\"{}\"><div class=\"bt_bb_column_content\"><div class=\"bt_bb_column_content_inner\"><div class=\"bt_bb_row_inner\"   data-bt-override-class=\"{}\"><div class=\"bt_bb_row_inner_holder\"  ><div  class=\"bt_bb_column_inner col-xxl-12 col-xl-12 btDarkSkin bt_bb_vertical_align_top bt_bb_align_left bt_bb_padding_text_indent\" style=\"border-radius: 4px;background-color:rgba(253, 171, 183, 1); \" data-width=\"12\" data-bt-override-class=\"{}\"><div class=\"bt_bb_column_inner_content\"><div class=\"bt_bb_separator bt_bb_border_style_none bt_bb_bottom_spacing_normal\" data-bt-override-class=\"null\"><\/div><header class=\"bt_bb_headline bt_bb_dash_none bt_bb_subheadline bt_bb_size_small bt_bb_align_inherit bt_bb_dash_type_none\" data-bt-override-class=\"{&quot;bt_bb_align_&quot;:{&quot;current_class&quot;:&quot;bt_bb_align_inherit&quot;,&quot;xxl&quot;:&quot;inherit&quot;,&quot;xl&quot;:&quot;inherit&quot;}}\"><h4 class=\"bt_bb_headline_tag\"><span class=\"bt_bb_headline_content\"><span>Free Consultation<\/span><\/span><\/h4><div class=\"bt_bb_headline_subheadline\">We will tell you the total cost of the treatment from the very beginning and avoid any additional costs later. You can be assured that there will be no extra costs beyond the total cost of the dental treatment sent to you.<\/div><\/header><div class=\"bt_bb_separator bt_bb_border_style_none bt_bb_top_spacing_small\" data-bt-override-class=\"null\"><\/div><div class=\"bt_bb_service bt_bb_color_scheme_11 bt_bb_style_borderless bt_bb_size_large bt_bb_shape_circle bt_bb_target_self bt_bb_align_inherit\" style=\"; --primary-color:#ffffff; --secondary-color:#333c4a;\" data-bt-override-class=\"{&quot;bt_bb_size_&quot;:{&quot;current_class&quot;:&quot;bt_bb_size_large&quot;,&quot;xxl&quot;:&quot;large&quot;,&quot;xl&quot;:&quot;large&quot;}}\"><span  data-ico-dentist2=\"&#xe909;\" class=\"bt_bb_icon_holder\"><\/span><div class=\"bt_bb_service_content\"><div class=\"bt_bb_service_content_title\">Call us<\/div><div class=\"bt_bb_service_content_text\">Whatsapp: +90 532 423 77 32<br \/><br \/>\nLandline: +90 242 513 8338<br \/><br \/>\n<\/div><\/div><\/div><div class=\"bt_bb_separator bt_bb_border_style_none bt_bb_bottom_spacing_small\" data-bt-override-class=\"null\"><\/div><div class=\"bt_bb_service bt_bb_color_scheme_11 bt_bb_style_borderless bt_bb_size_large bt_bb_shape_circle bt_bb_target_self bt_bb_align_inherit\" style=\"; --primary-color:#ffffff; --secondary-color:#333c4a;\" data-bt-override-class=\"{&quot;bt_bb_size_&quot;:{&quot;current_class&quot;:&quot;bt_bb_size_large&quot;,&quot;xxl&quot;:&quot;large&quot;,&quot;xl&quot;:&quot;large&quot;}}\"><span  data-ico-dentist2=\"&#xe907;\" class=\"bt_bb_icon_holder\"><\/span><div class=\"bt_bb_service_content\"><div class=\"bt_bb_service_content_title\">E-mail<\/div><div class=\"bt_bb_service_content_text\">info@alanyauzmanlardis.com<br \/><br \/>\ninfo@admin_yenidata.uk<\/div><\/div><\/div><div class=\"bt_bb_separator bt_bb_border_style_none bt_bb_bottom_spacing_small\" data-bt-override-class=\"null\"><\/div><div class=\"bt_bb_service bt_bb_color_scheme_11 bt_bb_style_borderless bt_bb_size_large bt_bb_shape_circle bt_bb_target_self bt_bb_align_inherit\" style=\"; --primary-color:#ffffff; --secondary-color:#333c4a;\" data-bt-override-class=\"{&quot;bt_bb_size_&quot;:{&quot;current_class&quot;:&quot;bt_bb_size_large&quot;,&quot;xxl&quot;:&quot;large&quot;,&quot;xl&quot;:&quot;large&quot;}}\"><span  data-ico-dentist2=\"&#xe930;\" class=\"bt_bb_icon_holder\"><\/span><div class=\"bt_bb_service_content\"><div class=\"bt_bb_service_content_title\">24\/7 Appointment System<\/div><div class=\"bt_bb_service_content_text\">We will call you immediately after making your appointment.<\/div><\/div><\/div><div class=\"bt_bb_separator bt_bb_border_style_none bt_bb_bottom_spacing_normal\" data-bt-override-class=\"null\"><\/div><\/div><\/div><\/div><\/div><div class=\"bt_bb_separator bt_bb_border_style_none bt_bb_bottom_spacing_small\" data-bt-override-class=\"null\"><\/div><div class=\"bt_bb_row_inner\"   data-bt-override-class=\"{}\"><div class=\"bt_bb_row_inner_holder\"  ><div  class=\"bt_bb_column_inner col-xxl-12 col-xl-12 bt_bb_vertical_align_top bt_bb_align_left bt_bb_padding_text_indent\" style=\"box-shadow: 0 0 0 4px #1c6495 inset; border-radius: 4px;\" data-width=\"12\" data-bt-override-class=\"{}\"><div class=\"bt_bb_column_inner_content\"><div class=\"bt_bb_separator bt_bb_border_style_none bt_bb_bottom_spacing_normal\" data-bt-override-class=\"null\"><\/div><header class=\"bt_bb_headline bt_bb_dash_none bt_bb_subheadline bt_bb_size_small bt_bb_align_inherit bt_bb_dash_type_none\" data-bt-override-class=\"{&quot;bt_bb_align_&quot;:{&quot;current_class&quot;:&quot;bt_bb_align_inherit&quot;,&quot;xxl&quot;:&quot;inherit&quot;,&quot;xl&quot;:&quot;inherit&quot;}}\"><h4 class=\"bt_bb_headline_tag\"><span class=\"bt_bb_headline_content\"><span>Appointment Hours<\/span><\/span><\/h4><div class=\"bt_bb_headline_subheadline\">\u00c7al\u0131\u015fma saatlerini kontrol edin ve devam etmek i\u00e7in ``Randevu`` ya t\u0131klay\u0131n.<\/div><\/header><div class=\"bt_bb_separator bt_bb_border_style_none bt_bb_top_spacing_small\" data-bt-override-class=\"null\"><\/div><div class=\"btWorkingHours  bt_bb_working_hours_has_link\" ><div class=\"btWorkingHoursInner\"><div class=\"bt_bb_working_hours_inner_row\"><div class=\"bt_bb_working_hours_inner_wrapper\"><div class=\"bt_bb_working_hours_inner_title\">Monday<\/div><div class=\"bt_bb_working_hours_inner_content\">08:00 - 19:00 <\/div><div class=\"bt_bb_working_hours_inner_link\"><a href=\"\/en\/randevu&lt;br \/&gt;\/\" title=\" Meeting\"> Meeting<\/a><\/div><\/div><\/div><div class=\"bt_bb_working_hours_inner_row\"><div class=\"bt_bb_working_hours_inner_wrapper\"><div class=\"bt_bb_working_hours_inner_title\">Tuesday<\/div><div class=\"bt_bb_working_hours_inner_content\">08:00 - 19:00<\/div><div class=\"bt_bb_working_hours_inner_link\"><a href=\"\/en\/randevu&lt;br \/&gt;\/\" title=\" Meeting\"> Meeting<\/a><\/div><\/div><\/div><div class=\"bt_bb_working_hours_inner_row\"><div class=\"bt_bb_working_hours_inner_wrapper\"><div class=\"bt_bb_working_hours_inner_title\">Wednesday<\/div><div class=\"bt_bb_working_hours_inner_content\">08:00 - 19:00 <\/div><div class=\"bt_bb_working_hours_inner_link\"><a href=\"\/en\/randevu&lt;br \/&gt;\/\" title=\" Meeting\"> Meeting<\/a><\/div><\/div><\/div><div class=\"bt_bb_working_hours_inner_row\"><div class=\"bt_bb_working_hours_inner_wrapper\"><div class=\"bt_bb_working_hours_inner_title\">Thursday<\/div><div class=\"bt_bb_working_hours_inner_content\">08:00 - 19:00 <\/div><div class=\"bt_bb_working_hours_inner_link\"><a href=\"\/en\/randevu&lt;br \/&gt;\/\" title=\" Meeting\"> Meeting<\/a><\/div><\/div><\/div><div class=\"bt_bb_working_hours_inner_row\"><div class=\"bt_bb_working_hours_inner_wrapper\"><div class=\"bt_bb_working_hours_inner_title\">Friday<\/div><div class=\"bt_bb_working_hours_inner_content\">08:00 - 19:00<\/div><div class=\"bt_bb_working_hours_inner_link\"><a href=\"\/en\/randevu&lt;br \/&gt;\/\" title=\" Meeting\"> Meeting<\/a><\/div><\/div><\/div><div class=\"bt_bb_working_hours_inner_row\"><div class=\"bt_bb_working_hours_inner_wrapper\"><div class=\"bt_bb_working_hours_inner_title\">Saturday<\/div><div class=\"bt_bb_working_hours_inner_content\">08:00 - 19:00 <\/div><div class=\"bt_bb_working_hours_inner_link\"><a href=\"\/en\/randevu&lt;br \/&gt;\/\" title=\" Meeting\"> Meeting<\/a><\/div><\/div><\/div><div class=\"bt_bb_working_hours_inner_row\"><div class=\"bt_bb_working_hours_inner_wrapper\"><div class=\"bt_bb_working_hours_inner_title\">Sunday<\/div><div class=\"bt_bb_working_hours_inner_content\">08:00 - 19:00 <\/div><div class=\"bt_bb_working_hours_inner_link\"><a href=\"\/en\/randevu\/\" title=\" Meeting\"> Meeting<\/a><\/div><\/div><\/div><\/div><\/div><div class=\"bt_bb_separator bt_bb_border_style_none bt_bb_bottom_spacing_normal\" data-bt-override-class=\"null\"><\/div><\/div><\/div><\/div><\/div><\/div><\/div><\/div><\/div><\/div><\/div><!-- cell_inner --><\/div><!-- cell --><\/div><!-- port --><\/section><\/p>","protected":false},"excerpt":{"rendered":"<p>Bring to the table win-win survival strategies to ensure proactive domination. At the end of the day, going forward, a new normal that has evolved from generation X is on the runway heading towards a streamlined cloud solution.<\/p>","protected":false},"author":22142,"featured_media":492,"parent":0,"menu_order":0,"comment_status":"closed","ping_status":"closed","template":"","meta":{"footnotes":""},"class_list":["post-2836","page","type-page","status-publish","has-post-thumbnail","hentry"],"yoast_head":"<!-- This site is optimized with the Yoast SEO Premium plugin v15.9.1 - https:\/\/yoast.com\/wordpress\/plugins\/seo\/ -->\n<title>Zirkonyum Kaplama - Dental Experts | Oral and Dental Health Polyclinic<\/title>\n<meta property=\"og:locale\" content=\"en_US\" \/>\n<meta property=\"og:type\" content=\"article\" \/>\n<meta property=\"og:title\" content=\"Zirkonyum Kaplama - Dental Experts | Oral and Dental Health Polyclinic\" \/>\n<meta property=\"og:description\" content=\"Bring to the table win-win survival strategies to ensure proactive domination. At the end of the day, going forward, a new normal that has evolved from generation X is on the runway heading towards a streamlined cloud solution.\" \/>\n<meta property=\"og:url\" content=\"https:\/\/expertsdentalclinic.com\/en\/zirkonyum-kaplama\/\" \/>\n<meta property=\"og:site_name\" content=\"Dental Experts | Oral and Dental Health Polyclinic\" \/>\n<meta property=\"article:modified_time\" content=\"2024-03-03T00:23:09+00:00\" \/>\n<meta property=\"og:image\" content=\"https:\/\/expertsdentalclinic.com\/wp-content\/uploads\/2018\/02\/60ztd_1.jpg\" \/>\n\t<meta property=\"og:image:width\" content=\"800\" \/>\n\t<meta property=\"og:image:height\" content=\"600\" \/>\n<meta name=\"twitter:card\" content=\"summary_large_image\" \/>\n<meta name=\"twitter:label1\" content=\"Est. reading time\">\n\t<meta name=\"twitter:data1\" content=\"10 minutes\">\n<script type=\"application\/ld+json\" class=\"yoast-schema-graph\">{\"@context\":\"https:\/\/schema.org\",\"@graph\":[{\"@type\":\"WebSite\",\"@id\":\"https:\/\/expertsdentalclinic.com\/#website\",\"url\":\"https:\/\/expertsdentalclinic.com\/\",\"name\":\"Dental Experts | Oral and Dental Health Polyclinic\",\"description\":\"Dental Holiday in Turkey | Dental Tourism\",\"potentialAction\":[{\"@type\":\"SearchAction\",\"target\":\"https:\/\/expertsdentalclinic.com\/?s={search_term_string}\",\"query-input\":\"required name=search_term_string\"}],\"inLanguage\":\"en-US\"},{\"@type\":\"ImageObject\",\"@id\":\"https:\/\/expertsdentalclinic.com\/zirkonyum-kaplama\/#primaryimage\",\"inLanguage\":\"en-US\",\"url\":\"https:\/\/expertsdentalclinic.com\/wp-content\/uploads\/2018\/02\/60ztd_1.jpg\",\"width\":800,\"height\":600},{\"@type\":\"WebPage\",\"@id\":\"https:\/\/expertsdentalclinic.com\/zirkonyum-kaplama\/#webpage\",\"url\":\"https:\/\/expertsdentalclinic.com\/zirkonyum-kaplama\/\",\"name\":\"Zirkonyum Kaplama - Dental Experts | Oral and Dental Health Polyclinic\",\"isPartOf\":{\"@id\":\"https:\/\/expertsdentalclinic.com\/#website\"},\"primaryImageOfPage\":{\"@id\":\"https:\/\/expertsdentalclinic.com\/zirkonyum-kaplama\/#primaryimage\"},\"datePublished\":\"2021-05-21T07:09:44+00:00\",\"dateModified\":\"2024-03-03T00:23:09+00:00\",\"breadcrumb\":{\"@id\":\"https:\/\/expertsdentalclinic.com\/zirkonyum-kaplama\/#breadcrumb\"},\"inLanguage\":\"en-US\",\"potentialAction\":[{\"@type\":\"ReadAction\",\"target\":[\"https:\/\/expertsdentalclinic.com\/zirkonyum-kaplama\/\"]}]},{\"@type\":\"BreadcrumbList\",\"@id\":\"https:\/\/expertsdentalclinic.com\/zirkonyum-kaplama\/#breadcrumb\",\"itemListElement\":[{\"@type\":\"ListItem\",\"position\":1,\"item\":{\"@type\":\"WebPage\",\"@id\":\"https:\/\/expertsdentalclinic.com\/\",\"url\":\"https:\/\/expertsdentalclinic.com\/\",\"name\":\"Home\"}},{\"@type\":\"ListItem\",\"position\":2,\"item\":{\"@type\":\"WebPage\",\"@id\":\"https:\/\/expertsdentalclinic.com\/zirkonyum-kaplama\/\",\"url\":\"https:\/\/expertsdentalclinic.com\/zirkonyum-kaplama\/\",\"name\":\"Zirkonyum Kaplama\"}}]}]}<\/script>\n<!-- \/ Yoast SEO Premium plugin. -->","_links":{"self":[{"href":"https:\/\/expertsdentalclinic.com\/en\/wp-json\/wp\/v2\/pages\/2836","targetHints":{"allow":["GET"]}}],"collection":[{"href":"https:\/\/expertsdentalclinic.com\/en\/wp-json\/wp\/v2\/pages"}],"about":[{"href":"https:\/\/expertsdentalclinic.com\/en\/wp-json\/wp\/v2\/types\/page"}],"author":[{"embeddable":true,"href":"https:\/\/expertsdentalclinic.com\/en\/wp-json\/wp\/v2\/users\/22142"}],"replies":[{"embeddable":true,"href":"https:\/\/expertsdentalclinic.com\/en\/wp-json\/wp\/v2\/comments?post=2836"}],"version-history":[{"count":32,"href":"https:\/\/expertsdentalclinic.com\/en\/wp-json\/wp\/v2\/pages\/2836\/revisions"}],"predecessor-version":[{"id":4745,"href":"https:\/\/expertsdentalclinic.com\/en\/wp-json\/wp\/v2\/pages\/2836\/revisions\/4745"}],"wp:featuredmedia":[{"embeddable":true,"href":"https:\/\/expertsdentalclinic.com\/en\/wp-json\/wp\/v2\/media\/492"}],"wp:attachment":[{"href":"https:\/\/expertsdentalclinic.com\/en\/wp-json\/wp\/v2\/media?parent=2836"}],"curies":[{"name":"wp","href":"https:\/\/api.w.org\/{rel}","templated":true}]}}