{"id":1874,"date":"2019-12-30T11:27:42","date_gmt":"2019-12-30T08:27:42","guid":{"rendered":"http:\/\/denticare.bold-themes.com\/michelle\/?page_id=110"},"modified":"2024-03-03T02:42:57","modified_gmt":"2024-03-02T23:42:57","slug":"deneyimler-ve-gorusler","status":"publish","type":"page","link":"https:\/\/expertsdentalclinic.com\/ru\/about-us\/deneyimler-ve-gorusler\/","title":{"rendered":"\u041e\u043f\u044b\u0442 \u0438 \u043c\u043d\u0435\u043d\u0438\u044f"},"content":{"rendered":"<p><section id=\"bt_bb_section69fd6b46c9d99\" class=\"bt_bb_section bt_bb_layout_boxed_1200 bt_bb_vertical_align_top bt_bb_bottom_section_coverage_image bt_bb_section_with_bottom_coverage_image\" style=\";background-color:rgb(232,196,99);\" data-bt-override-class=\"null\"><div class=\"bt_bb_background_image_holder_wrapper\"><div class=\"bt_bb_background_image_holder btLazyLoadBackground bt_bb_parallax\"  data-background_image_src=\"https:\/\/expertsdentalclinic.com\/wp-content\/uploads\/2024\/03\/sliderbackground.jpg\" data-parallax=\"0.6\" data-parallax-offset=\"0\" data-parallax-zoom-start=\"1\" data-parallax-zoom-end=\"1\" data-parallax-blur-start=\"0\" data-parallax-blur-end=\"0\" data-parallax-opacity-start=\"1\" data-parallax-opacity-end=\"1\" style=\" background-image: url(&#039;https:\/\/expertsdentalclinic.com\/wp-content\/plugins\/bold-page-builder\/img\/blank.gif&#039;);\"><\/div><\/div><div class=\"bt_bb_port\"><div class=\"bt_bb_cell\"><div class=\"bt_bb_cell_inner\"><div class=\"bt_bb_row\"  data-bt-override-class=\"{}\"><div class=\"bt_bb_row_holder\" ><div  class=\"bt_bb_column col-xxl-6 col-xl-6 bt_bb_vertical_align_bottom bt_bb_align_left bt_bb_padding_normal\" style=\"; --column-width:6;\" data-width=\"6\" data-bt-override-class=\"{}\"><div class=\"bt_bb_column_content\"><div class=\"bt_bb_column_content_inner\"><div class=\"bt_bb_separator bt_bb_border_style_none bt_bb_bottom_spacing_medium\" data-bt-override-class=\"null\"><\/div><div class=\"bt_bb_separator bt_bb_border_style_none bt_bb_top_spacing_extra_large bt_bb_hidden_md bt_bb_hidden_lg\" data-bt-override-class=\"null\"><\/div><header class=\"bt_bb_headline bt_bb_font_weight_bold bt_bb_color_scheme_11 bt_bb_dash_none bt_bb_subheadline bt_bb_size_large bt_bb_align_inherit bt_bb_dash_type_none\" style=\"; --primary-color:#ffffff; --secondary-color:#333c4a;\" data-bt-override-class=\"{&quot;bt_bb_align_&quot;:{&quot;current_class&quot;:&quot;bt_bb_align_inherit&quot;,&quot;xxl&quot;:&quot;inherit&quot;,&quot;xl&quot;:&quot;inherit&quot;}}\"><h1 class=\"bt_bb_headline_tag\"><span class=\"bt_bb_headline_content\"><span><small>\u041e\u043f\u044b\u0442 \u0438 <\/small><br \/><br \/>\n<s>\u041c\u043d\u0435\u043d\u0438\u044f<\/s><\/span><\/span><\/h1><div class=\"bt_bb_headline_subheadline\">\u0412\u044b, \u043d\u0430\u0448\u0438 \u0443\u0432\u0430\u0436\u0430\u0435\u043c\u044b\u0435 \u043f\u0430\u0446\u0438\u0435\u043d\u0442\u044b, \u0432\u0430\u0448\u0435 \u043c\u043d\u0435\u043d\u0438\u0435 \u043e \u043d\u0430\u0441 \u2013 \u043e\u0434\u0438\u043d \u0438\u0437 \u043d\u0430\u0448\u0438\u0445 \u0432\u0430\u0436\u043d\u0435\u0439\u0448\u0438\u0445 \u043f\u0440\u0438\u043d\u0446\u0438\u043f\u043e\u0432.<\/div><\/header><div class=\"bt_bb_separator bt_bb_border_style_none bt_bb_bottom_spacing_large\" data-bt-override-class=\"null\"><\/div><\/div><\/div><\/div><div  class=\"bt_bb_column col-xxl-6 col-xl-6 bt_bb_vertical_align_bottom bt_bb_align_center bt_bb_padding_normal bt_bb_animation_fade_in move_up animate bt_bb_hidden_xs bt_bb_hidden_ms bt_bb_hidden_sm\" style=\"position: relative;; --column-width:6;\" data-width=\"6\" data-bt-override-class=\"{}\"><div class=\"bt_bb_column_content\"><div class=\"bt_bb_column_content_inner\"><div class=\"bt_bb_separator bt_bb_border_style_none bt_bb_bottom_spacing_medium\" data-bt-override-class=\"null\"><\/div><div class=\"bt_bb_image bt_bb_shape_square bt_bb_target_self bt_bb_align_inherit bt_bb_hover_style_simple bt_bb_content_display_always bt_bb_content_align_middle\" style=\"max-width: 560px;\" data-bt-override-class=\"{}\"><span><img fetchpriority=\"high\" decoding=\"async\" width=\"931\" height=\"840\" src=\"https:\/\/expertsdentalclinic.com\/wp-content\/uploads\/2020\/04\/img-people.png\" class=\"attachment-full size-full\" alt=\"https:\/\/expertsdentalclinic.com\/wp-content\/uploads\/2020\/04\/img-people.png\" data-full_image_src=\"https:\/\/expertsdentalclinic.com\/wp-content\/uploads\/2020\/04\/img-people.png\" loading=\"eager\" srcset=\"https:\/\/expertsdentalclinic.com\/wp-content\/uploads\/2020\/04\/img-people.png 931w, https:\/\/expertsdentalclinic.com\/wp-content\/uploads\/2020\/04\/img-people-640x577.png 640w, https:\/\/expertsdentalclinic.com\/wp-content\/uploads\/2020\/04\/img-people-768x693.png 768w, https:\/\/expertsdentalclinic.com\/wp-content\/uploads\/2020\/04\/img-people-320x289.png 320w\" sizes=\"(max-width: 931px) 100vw, 931px\" \/><\/span><\/div><div class=\"bt_bb_floating_image bt_bb_floating_image_horizontal_position_center bt_bb_floating_image_vertical_position_bottom bt_bb_floating_image_animation_delay_default bt_bb_floating_image_animation_duration_default bt_bb_floating_image_animation_style_ease_out\" style=\"max-width: 520px;\" data-speed=\"1.0\"><div class=\"bt_bb_floating_image_image\" data-speed=\"1.0\"><div class=\"bt_bb_image\" data-bt-override-class=\"{}\"><span><img decoding=\"async\" width=\"931\" height=\"942\" src=\"https:\/\/expertsdentalclinic.com\/wp-content\/uploads\/2020\/04\/floater-1.png\" class=\"attachment-full size-full\" alt=\"https:\/\/expertsdentalclinic.com\/wp-content\/uploads\/2020\/04\/floater-1.png\" data-full_image_src=\"https:\/\/expertsdentalclinic.com\/wp-content\/uploads\/2020\/04\/floater-1.png\" title=\"\u043f\u043e\u043f\u043b\u0430\u0432\u043e\u043a-1\" loading=\"eager\" srcset=\"https:\/\/expertsdentalclinic.com\/wp-content\/uploads\/2020\/04\/floater-1.png 931w, https:\/\/expertsdentalclinic.com\/wp-content\/uploads\/2020\/04\/floater-1-640x648.png 640w, https:\/\/expertsdentalclinic.com\/wp-content\/uploads\/2020\/04\/floater-1-768x777.png 768w, https:\/\/expertsdentalclinic.com\/wp-content\/uploads\/2020\/04\/floater-1-320x324.png 320w\" sizes=\"(max-width: 931px) 100vw, 931px\" \/><\/span><\/div><\/div><\/div><\/div><\/div><\/div><\/div><\/div><\/div><!-- cell_inner --><\/div><!-- cell --><\/div><!-- port --><div class=\"bt_bb_section_bottom_section_coverage_image\"><img decoding=\"async\" src=\"https:\/\/expertsdentalclinic.com\/wp-content\/uploads\/2020\/01\/bottom-cover-2.png\" alt=\"bt_bb_section_bottom_section_coverage_image\" \/><\/div><\/section><section id=\"bt_bb_section69fd6b46ca7e7\" class=\"bt_bb_section bt_bb_layout_boxed_1000 bt_bb_vertical_align_top bt_bb_top_spacing_large bt_bb_bottom_spacing_medium\"  data-bt-override-class=\"null\"><div class=\"bt_bb_port\"><div class=\"bt_bb_cell\"><div class=\"bt_bb_cell_inner\"><div class=\"bt_bb_row\"  data-bt-override-class=\"{}\"><div class=\"bt_bb_row_holder\" ><div  class=\"bt_bb_column col-xxl-3 col-xl-3 bt_bb_vertical_align_top bt_bb_align_left bt_bb_padding_normal\" style=\"; --column-width:3;\" data-width=\"3\" data-bt-override-class=\"{}\"><div class=\"bt_bb_column_content\"><div class=\"bt_bb_column_content_inner\"><\/div><\/div><\/div><div  class=\"bt_bb_column col-xxl-6 col-xl-6 bt_bb_vertical_align_top bt_bb_align_center bt_bb_padding_normal bt_bb_animation_fade_in animate\" style=\"; --column-width:6;\" data-width=\"6\" data-bt-override-class=\"{}\"><div class=\"bt_bb_column_content\"><div class=\"bt_bb_column_content_inner\"><header class=\"bt_bb_headline bt_bb_font_weight_bolder bt_bb_color_scheme_9 bt_bb_dash_none bt_bb_subheadline bt_bb_size_large bt_bb_align_inherit bt_bb_dash_type_none\" style=\"; --primary-color:#191919; --secondary-color:#333c4a;\" data-bt-override-class=\"{&quot;bt_bb_align_&quot;:{&quot;current_class&quot;:&quot;bt_bb_align_inherit&quot;,&quot;xxl&quot;:&quot;inherit&quot;,&quot;xl&quot;:&quot;inherit&quot;}}\"><h3 class=\"bt_bb_headline_tag\"><span class=\"bt_bb_headline_content\"><span><small>Google<\/small><br \/><br \/>\n<b>\u041a\u043e\u043c\u043c\u0435\u043d\u0442\u0430\u0440\u0438\u0438<\/b><\/span><\/span><\/h3><div class=\"bt_bb_headline_subheadline\">\u0412\u0430\u0448\u0435 \u0437\u0434\u043e\u0440\u043e\u0432\u044c\u0435 \u0432 \u043f\u0435\u0440\u0432\u0443\u044e \u043e\u0447\u0435\u0440\u0435\u0434\u044c, \u0430 \u0437\u0430\u0442\u0435\u043c \u0432\u0430\u0448 \u0440\u0430\u0437\u0443\u043c \u2014 \u044d\u0442\u043e \u043e\u0434\u043d\u0438 \u0438\u0437 \u043d\u0430\u0448\u0438\u0445 \u0441\u0430\u043c\u044b\u0445 \u0443\u043f\u0430\u0434\u043e\u0447\u043d\u044b\u0445 \u043e\u0431\u044f\u0437\u0430\u043d\u043d\u043e\u0441\u0442\u0435\u0439.<\/div><\/header><\/div><\/div><\/div><div  class=\"bt_bb_column col-xxl-3 col-xl-3 bt_bb_vertical_align_top bt_bb_align_left bt_bb_padding_normal\" style=\"; --column-width:3;\" data-width=\"3\" data-bt-override-class=\"{}\"><div class=\"bt_bb_column_content\"><div class=\"bt_bb_column_content_inner\"><\/div><\/div><\/div><\/div><\/div><div class=\"bt_bb_row\"  data-bt-override-class=\"{}\"><div class=\"bt_bb_row_holder\" ><div  class=\"bt_bb_column col-xxl-2 col-xl-2 bt_bb_vertical_align_top bt_bb_align_left bt_bb_padding_normal\" style=\"; --column-width:2;\" data-width=\"2\" data-bt-override-class=\"{}\"><div class=\"bt_bb_column_content\"><div class=\"bt_bb_column_content_inner\"><\/div><\/div><\/div><div  class=\"bt_bb_column col-xxl-8 col-xl-8 bt_bb_vertical_align_top bt_bb_align_center bt_bb_padding_normal bt_bb_animation_fade_in animate\" style=\"; --column-width:8;\" data-width=\"8\" data-bt-override-class=\"{}\"><div class=\"bt_bb_column_content\"><div class=\"bt_bb_column_content_inner\"><div class=\"bt_bb_content_slider bt_bb_content_slider_83718 bt_bb_gap_large bt_bb_arrows_size_large bt_bb_arrows_style_semitransparent_dark bt_bb_arrows_position_outside bt_bb_show_dots_hide bt_bb_dots_style_accent_dot bt_bb_show_paging_as_numbers bt_bb_height_keep-height bt_bb_animation_fade\"><div class=\"slick-slider fade\"  data-slick='{ \"lazyLoad\": \"progressive\", \"cssEase\": \"ease-out\", \"speed\": \"600\", \"accessibility\": false, \"fade\": true, \"prevArrow\": \"&lt;button type=\\\"button\\\" class=\\\"slick-prev\\\" aria-label=\\\"Previous\\\" tabindex=\\\"0\\\" role=\\\"button\\\"&gt;&lt;\/button&gt;\", \"nextArrow\": \"&lt;button type=\\\"button\\\" class=\\\"slick-next\\\" aria-label=\\\"Next\\\" tabindex=\\\"0\\\" role=\\\"button\\\"&gt;&lt;\/button&gt;\",\"autoplay\": true, \"autoplaySpeed\": 2000}' ><div class=\"bt_bb_content_slider_item\"><div class=\"bt_bb_content_slider_item_content content\"><div  class=\"bt_bb_text\" ><\/p>\n<blockquote class=\"btAccentQuote\">\n<p>\u0423 \u043c\u0435\u043d\u044f \u0431\u044b\u043b \u043d\u0435\u0443\u0434\u0430\u0447\u043d\u044b\u0439 \u043e\u043f\u044b\u0442 \u043e\u0431\u0449\u0435\u043d\u0438\u044f \u0441\u043e \u043c\u043d\u043e\u0433\u0438\u043c\u0438 \u0441\u0442\u043e\u043c\u0430\u0442\u043e\u043b\u043e\u0433\u0430\u043c\u0438 \u0432 \u0410\u043b\u0430\u043d\u0438\u0438. \u041d\u0430\u043a\u043e\u043d\u0435\u0446-\u0442\u043e \u044f \u043d\u0430\u0448\u0435\u043b \u0434\u0435\u0439\u0441\u0442\u0432\u0438\u0442\u0435\u043b\u044c\u043d\u043e \u0445\u043e\u0440\u043e\u0448\u0443\u044e, \u0441\u043e\u0432\u0440\u0435\u043c\u0435\u043d\u043d\u0443\u044e \u043a\u043b\u0438\u043d\u0438\u043a\u0443. \u041a\u043e \u043c\u043d\u0435 \u043e\u0447\u0435\u043d\u044c \u0445\u043e\u0440\u043e\u0448\u043e \u043e\u0442\u043d\u043e\u0441\u0438\u043b\u0438\u0441\u044c, \u0438 \u043f\u0435\u0440\u0441\u043e\u043d\u0430\u043b \u0431\u044b\u043b \u043e\u0447\u0435\u043d\u044c \u0434\u043e\u0431\u0440\u044b\u043c. \u041e\u0447\u0435\u043d\u044c \u0440\u0435\u043a\u043e\u043c\u0435\u043d\u0434\u0443\u044e \u043a\u043b\u0438\u043d\u0438\u043a\u0443.<\/p>\n<\/blockquote>\n<p>\n<\/div><div class=\"bt_bb_separator bt_bb_border_style_none bt_bb_top_spacing_extra_small bt_bb_bottom_spacing_small\" data-bt-override-class=\"null\"><\/div><header class=\"bt_bb_headline bt_bb_font_weight_bold bt_bb_color_scheme_4 bt_bb_dash_none bt_bb_size_small bt_bb_align_inherit bt_bb_dash_type_none\" style=\"; --primary-color:#e8c463; --secondary-color:#ffffff;\" data-bt-override-class=\"{&quot;bt_bb_align_&quot;:{&quot;current_class&quot;:&quot;bt_bb_align_inherit&quot;,&quot;xxl&quot;:&quot;inherit&quot;,&quot;xl&quot;:&quot;inherit&quot;}}\"><h4 class=\"bt_bb_headline_tag\"><span class=\"bt_bb_headline_content\"><span>\u0410\u0439\u0448\u0435 \u0414\u0443\u0440\u043c\u0430\u0437<\/span><\/span><\/h4><\/header><div class=\"bt_bb_separator bt_bb_border_style_none bt_bb_bottom_spacing_small\" data-bt-override-class=\"null\"><\/div><\/div><\/div><div class=\"bt_bb_content_slider_item\"><div class=\"bt_bb_content_slider_item_content content\"><div  class=\"bt_bb_text\" ><\/p>\n<blockquote class=\"btAccentQuote\">\n<p>\u0421\u0430\u043c\u044b\u0435 \u043b\u0443\u0447\u0448\u0438\u0435 \u0438 \u0434\u043e\u0431\u0440\u044b\u0435 \u0441\u043e\u0442\u0440\u0443\u0434\u043d\u0438\u043a\u0438\u2026<\/p>\n<\/blockquote>\n<p>\n<\/div><div class=\"bt_bb_separator bt_bb_border_style_none bt_bb_top_spacing_extra_small bt_bb_bottom_spacing_small\" data-bt-override-class=\"null\"><\/div><header class=\"bt_bb_headline bt_bb_font_weight_bold bt_bb_color_scheme_4 bt_bb_dash_none bt_bb_size_small bt_bb_align_inherit bt_bb_dash_type_none\" style=\"; --primary-color:#e8c463; --secondary-color:#ffffff;\" data-bt-override-class=\"{&quot;bt_bb_align_&quot;:{&quot;current_class&quot;:&quot;bt_bb_align_inherit&quot;,&quot;xxl&quot;:&quot;inherit&quot;,&quot;xl&quot;:&quot;inherit&quot;}}\"><h4 class=\"bt_bb_headline_tag\"><span class=\"bt_bb_headline_content\"><span>\u0425\u0443\u0441\u0435\u0439\u043d \u0428\u0430\u0448\u043c\u0430\u0437<\/span><\/span><\/h4><\/header><div class=\"bt_bb_separator bt_bb_border_style_none bt_bb_bottom_spacing_small\" data-bt-override-class=\"null\"><\/div><\/div><\/div><div class=\"bt_bb_content_slider_item\"><div class=\"bt_bb_content_slider_item_content content\"><div  class=\"bt_bb_text\" ><\/p>\n<blockquote class=\"btAccentQuote\">\n<p>\u041c\u043d\u0435 \u0438\u0441\u043f\u0440\u0430\u0432\u0438\u043b\u0438 \u0437\u0443\u0431\u044b \u043a\u043e\u0440\u043e\u043d\u043a\u0430\u043c\u0438 \u0432 \u043a\u043b\u0438\u043d\u0438\u043a\u0435 \u0438 \u044f \u043e\u0447\u0435\u043d\u044c \u0434\u043e\u0432\u043e\u043b\u044c\u043d\u0430 \u0440\u0435\u0437\u0443\u043b\u044c\u0442\u0430\u0442\u043e\u043c, \u043b\u044e\u0434\u0438 \u043e\u0447\u0435\u043d\u044c \u0434\u0440\u0443\u0436\u0435\u043b\u044e\u0431\u043d\u044b\u0435 \u0438 \u043e\u0442\u0437\u044b\u0432\u0447\u0438\u0432\u044b\u0435! \u0421\u0434\u0435\u043b\u0430\u043b\u0438 \u0442\u043e\u0436\u0435 \u0434\u043e\u0432\u043e\u043b\u044c\u043d\u043e \u0431\u044b\u0441\u0442\u0440\u043e, \u0434\u043d\u044f \u0437\u0430 3-4.<\/p>\n<\/blockquote>\n<p>\n<\/div><div class=\"bt_bb_separator bt_bb_border_style_none bt_bb_top_spacing_extra_small bt_bb_bottom_spacing_small\" data-bt-override-class=\"null\"><\/div><header class=\"bt_bb_headline bt_bb_font_weight_bold bt_bb_color_scheme_4 bt_bb_dash_none bt_bb_size_small bt_bb_align_inherit bt_bb_dash_type_none\" style=\"; --primary-color:#e8c463; --secondary-color:#ffffff;\" data-bt-override-class=\"{&quot;bt_bb_align_&quot;:{&quot;current_class&quot;:&quot;bt_bb_align_inherit&quot;,&quot;xxl&quot;:&quot;inherit&quot;,&quot;xl&quot;:&quot;inherit&quot;}}\"><h4 class=\"bt_bb_headline_tag\"><span class=\"bt_bb_headline_content\"><span>\u041e\u043c\u0435\u0440 \u0410\u043a\u0431\u0443\u043b\u0443\u0442<\/span><\/span><\/h4><\/header><div class=\"bt_bb_separator bt_bb_border_style_none bt_bb_bottom_spacing_small\" data-bt-override-class=\"null\"><\/div><\/div><\/div><div class=\"bt_bb_content_slider_item\"><div class=\"bt_bb_content_slider_item_content content\"><div  class=\"bt_bb_text\" ><\/p>\n<blockquote class=\"btAccentQuote\">\n<p>\u0412\u0441\u0435 \u0431\u044b\u043b\u043e \u043f\u0440\u0435\u043a\u0440\u0430\u0441\u043d\u043e, \u0438 \u0432\u0441\u0435 \u0431\u044b\u043b\u0438 \u043e\u0447\u0435\u043d\u044c \u0434\u0440\u0443\u0436\u0435\u043b\u044e\u0431\u043d\u044b.<\/p>\n<\/blockquote>\n<p>\n<\/div><div class=\"bt_bb_separator bt_bb_border_style_none bt_bb_top_spacing_extra_small bt_bb_bottom_spacing_small\" data-bt-override-class=\"null\"><\/div><header class=\"bt_bb_headline bt_bb_font_weight_bold bt_bb_color_scheme_4 bt_bb_dash_none bt_bb_size_small bt_bb_align_inherit bt_bb_dash_type_none\" style=\"; --primary-color:#e8c463; --secondary-color:#ffffff;\" data-bt-override-class=\"{&quot;bt_bb_align_&quot;:{&quot;current_class&quot;:&quot;bt_bb_align_inherit&quot;,&quot;xxl&quot;:&quot;inherit&quot;,&quot;xl&quot;:&quot;inherit&quot;}}\"><h4 class=\"bt_bb_headline_tag\"><span class=\"bt_bb_headline_content\"><span>\u0425\u0430\u0442\u0438\u0434\u0436\u0435 \u0427\u0430\u0440\u0430\u0439<\/span><\/span><\/h4><\/header><div class=\"bt_bb_separator bt_bb_border_style_none bt_bb_bottom_spacing_small\" data-bt-override-class=\"null\"><\/div><\/div><\/div><div class=\"bt_bb_content_slider_item\"><div class=\"bt_bb_content_slider_item_content content\"><div  class=\"bt_bb_text\" ><\/p>\n<blockquote class=\"btAccentQuote\">\n<p>\u041e\u0447\u0435\u043d\u044c \u043d\u0430\u0434\u0435\u0436\u043d\u043e \u0438 \u0434\u0435\u0448\u0435\u0432\u043e! \u042f \u043e\u0447\u0435\u043d\u044c \u0434\u043e\u0432\u043e\u043b\u0435\u043d \u0440\u0435\u0437\u0443\u043b\u044c\u0442\u0430\u0442\u043e\u043c. \u042f \u0434\u0435\u0439\u0441\u0442\u0432\u0438\u0442\u0435\u043b\u044c\u043d\u043e \u0440\u0435\u043a\u043e\u043c\u0435\u043d\u0434\u0443\u044e \u044d\u0442\u043e \u0432\u0441\u0435\u043c!<\/p>\n<\/blockquote>\n<p>\n<\/div><div class=\"bt_bb_separator bt_bb_border_style_none bt_bb_top_spacing_extra_small bt_bb_bottom_spacing_small\" data-bt-override-class=\"null\"><\/div><header class=\"bt_bb_headline bt_bb_font_weight_bold bt_bb_color_scheme_4 bt_bb_dash_none bt_bb_size_small bt_bb_align_inherit bt_bb_dash_type_none\" style=\"; --primary-color:#e8c463; --secondary-color:#ffffff;\" data-bt-override-class=\"{&quot;bt_bb_align_&quot;:{&quot;current_class&quot;:&quot;bt_bb_align_inherit&quot;,&quot;xxl&quot;:&quot;inherit&quot;,&quot;xl&quot;:&quot;inherit&quot;}}\"><h4 class=\"bt_bb_headline_tag\"><span class=\"bt_bb_headline_content\"><span>\u042e\u043c\u0438\u0442 \u041a\u0430\u044f\u0441\u0438\u0437<\/span><\/span><\/h4><\/header><div class=\"bt_bb_separator bt_bb_border_style_none bt_bb_bottom_spacing_small\" data-bt-override-class=\"null\"><\/div><\/div><\/div><\/div><\/div><div class=\"bt_bb_separator bt_bb_border_style_none bt_bb_top_spacing_small\" data-bt-override-class=\"null\"><\/div><\/div><\/div><\/div><div  class=\"bt_bb_column col-xxl-2 col-xl-2 bt_bb_vertical_align_top bt_bb_align_left bt_bb_padding_normal\" style=\"; --column-width:2;\" data-width=\"2\" data-bt-override-class=\"{}\"><div class=\"bt_bb_column_content\"><div class=\"bt_bb_column_content_inner\"><\/div><\/div><\/div><\/div><\/div><\/div><!-- cell_inner --><\/div><!-- cell --><\/div><!-- port --><\/section><\/p>","protected":false},"excerpt":{"rendered":"<p>\u0424\u043e\u0441\u0444\u043b\u0443\u043e\u0440\u0435\u0441\u0446\u0435\u043d\u0442\u043d\u044b\u0439 \u043c\u0435\u0442\u043e\u0434 \u0443\u0441\u043a\u043e\u0440\u0438\u043b \u044d\u0444\u0444\u0435\u043a\u0442\u0438\u0432\u043d\u044b\u0435 \u0446\u0435\u043f\u043e\u0447\u043a\u0438 \u043f\u043e\u0441\u0442\u0430\u0432\u043e\u043a \u0431\u043b\u0430\u0433\u043e\u0434\u0430\u0440\u044f \u0446\u0435\u043b\u0435\u043d\u0430\u043f\u0440\u0430\u0432\u043b\u0435\u043d\u043d\u044b\u043c \u0440\u0435\u0437\u0443\u043b\u044c\u0442\u0430\u0442\u0430\u043c. \u041a\u043e\u043c\u043f\u043b\u0435\u043a\u0441\u043d\u043e \u0441\u043e\u0437\u0434\u0430\u0432\u0430\u0439\u0442\u0435 \u043f\u0440\u0438\u043b\u043e\u0436\u0435\u043d\u0438\u044f \u0441 \u043e\u0442\u043a\u0440\u044b\u0442\u044b\u043c \u0438\u0441\u0445\u043e\u0434\u043d\u044b\u043c \u043a\u043e\u0434\u043e\u043c \u0441 \u043f\u043e\u043c\u043e\u0449\u044c\u044e \u043d\u043e\u0432\u0435\u0439\u0448\u0438\u0445 \u0438\u0441\u0442\u043e\u0447\u043d\u0438\u043a\u043e\u0432. \u0421\u0432\u043e\u0435\u0432\u0440\u0435\u043c\u0435\u043d\u043d\u043e \u043f\u0440\u0435\u0434\u043e\u0441\u0442\u0430\u0432\u043b\u044f\u0439\u0442\u0435 \u0443\u0431\u0435\u0434\u0438\u0442\u0435\u043b\u044c\u043d\u044b\u0435 \u043a\u0430\u0442\u0430\u043b\u0438\u0437\u0430\u0442\u043e\u0440\u044b \u043f\u0435\u0440\u0435\u043c\u0435\u043d \u0441 \u043f\u043e\u043c\u043e\u0449\u044c\u044e \u043f\u043e\u0442\u0435\u043d\u0446\u0438\u0430\u043b\u044c\u043d\u044b\u0445 \u0432\u043e\u0437\u043c\u043e\u0436\u043d\u043e\u0441\u0442\u0435\u0439 \u043f\u043e\u043b\u0443\u0447\u0435\u043d\u0438\u044f \u043f\u0440\u0438\u0431\u044b\u043b\u0438.<\/p>","protected":false},"author":22142,"featured_media":500,"parent":1871,"menu_order":0,"comment_status":"closed","ping_status":"closed","template":"","meta":{"footnotes":""},"class_list":["post-1874","page","type-page","status-publish","has-post-thumbnail","hentry"],"yoast_head":"<!-- This site is optimized with the Yoast SEO Premium plugin v15.9.1 - https:\/\/yoast.com\/wordpress\/plugins\/seo\/ -->\n<title>Deneyimler ve G\u00f6r\u00fc\u015fler - Dental Experts | Oral and Dental Health Polyclinic<\/title>\n<meta property=\"og:locale\" content=\"ru_RU\" \/>\n<meta property=\"og:type\" content=\"article\" \/>\n<meta property=\"og:title\" content=\"Deneyimler ve G\u00f6r\u00fc\u015fler - Dental Experts | Oral and Dental Health Polyclinic\" \/>\n<meta property=\"og:description\" content=\"Phosfluorescently expedite impactful supply chains via focused results. Holistically generate open-source applications through bleeding-edge sources. Compellingly supply just in time catalysts for change through top-line potentialities.\" \/>\n<meta property=\"og:url\" content=\"https:\/\/expertsdentalclinic.com\/ru\/about-us\/deneyimler-ve-gorusler\/\" \/>\n<meta property=\"og:site_name\" content=\"Dental Experts | Oral and Dental Health Polyclinic\" \/>\n<meta property=\"article:modified_time\" content=\"2024-03-02T23:42:57+00:00\" \/>\n<meta property=\"og:image\" content=\"https:\/\/expertsdentalclinic.com\/wp-content\/uploads\/2018\/02\/alanya-foto\u011fraflar\u0131.jpg\" \/>\n\t<meta property=\"og:image:width\" content=\"900\" \/>\n\t<meta property=\"og:image:height\" content=\"675\" \/>\n<meta name=\"twitter:card\" content=\"summary_large_image\" \/>\n<meta name=\"twitter:label1\" content=\"\u041f\u0440\u0438\u043c\u0435\u0440\u043d\u043e\u0435 \u0432\u0440\u0435\u043c\u044f \u0434\u043b\u044f \u0447\u0442\u0435\u043d\u0438\u044f\">\n\t<meta name=\"twitter:data1\" content=\"9 \u043c\u0438\u043d\u0443\u0442\">\n<script type=\"application\/ld+json\" class=\"yoast-schema-graph\">{\"@context\":\"https:\/\/schema.org\",\"@graph\":[{\"@type\":\"WebSite\",\"@id\":\"https:\/\/expertsdentalclinic.com\/#website\",\"url\":\"https:\/\/expertsdentalclinic.com\/\",\"name\":\"Dental Experts | Oral and Dental Health Polyclinic\",\"description\":\"Dental Holiday in Turkey | Dental Tourism\",\"potentialAction\":[{\"@type\":\"SearchAction\",\"target\":\"https:\/\/expertsdentalclinic.com\/?s={search_term_string}\",\"query-input\":\"required name=search_term_string\"}],\"inLanguage\":\"ru-RU\"},{\"@type\":\"ImageObject\",\"@id\":\"https:\/\/expertsdentalclinic.com\/about-us\/deneyimler-ve-gorusler\/#primaryimage\",\"inLanguage\":\"ru-RU\",\"url\":\"https:\/\/expertsdentalclinic.com\/wp-content\/uploads\/2018\/02\/alanya-foto\\u011fraflar\\u0131.jpg\",\"width\":900,\"height\":675},{\"@type\":\"WebPage\",\"@id\":\"https:\/\/expertsdentalclinic.com\/about-us\/deneyimler-ve-gorusler\/#webpage\",\"url\":\"https:\/\/expertsdentalclinic.com\/about-us\/deneyimler-ve-gorusler\/\",\"name\":\"Deneyimler ve G\\u00f6r\\u00fc\\u015fler - Dental Experts | Oral and Dental Health Polyclinic\",\"isPartOf\":{\"@id\":\"https:\/\/expertsdentalclinic.com\/#website\"},\"primaryImageOfPage\":{\"@id\":\"https:\/\/expertsdentalclinic.com\/about-us\/deneyimler-ve-gorusler\/#primaryimage\"},\"datePublished\":\"2019-12-30T08:27:42+00:00\",\"dateModified\":\"2024-03-02T23:42:57+00:00\",\"breadcrumb\":{\"@id\":\"https:\/\/expertsdentalclinic.com\/about-us\/deneyimler-ve-gorusler\/#breadcrumb\"},\"inLanguage\":\"ru-RU\",\"potentialAction\":[{\"@type\":\"ReadAction\",\"target\":[\"https:\/\/expertsdentalclinic.com\/about-us\/deneyimler-ve-gorusler\/\"]}]},{\"@type\":\"BreadcrumbList\",\"@id\":\"https:\/\/expertsdentalclinic.com\/about-us\/deneyimler-ve-gorusler\/#breadcrumb\",\"itemListElement\":[{\"@type\":\"ListItem\",\"position\":1,\"item\":{\"@type\":\"WebPage\",\"@id\":\"https:\/\/expertsdentalclinic.com\/\",\"url\":\"https:\/\/expertsdentalclinic.com\/\",\"name\":\"Home\"}},{\"@type\":\"ListItem\",\"position\":2,\"item\":{\"@type\":\"WebPage\",\"@id\":\"https:\/\/expertsdentalclinic.com\/about-us\/\",\"url\":\"https:\/\/expertsdentalclinic.com\/about-us\/\",\"name\":\"Hakk\\u0131m\\u0131zda\"}},{\"@type\":\"ListItem\",\"position\":3,\"item\":{\"@type\":\"WebPage\",\"@id\":\"https:\/\/expertsdentalclinic.com\/about-us\/deneyimler-ve-gorusler\/\",\"url\":\"https:\/\/expertsdentalclinic.com\/about-us\/deneyimler-ve-gorusler\/\",\"name\":\"Deneyimler ve G\\u00f6r\\u00fc\\u015fler\"}}]}]}<\/script>\n<!-- \/ Yoast SEO Premium plugin. -->","_links":{"self":[{"href":"https:\/\/expertsdentalclinic.com\/ru\/wp-json\/wp\/v2\/pages\/1874","targetHints":{"allow":["GET"]}}],"collection":[{"href":"https:\/\/expertsdentalclinic.com\/ru\/wp-json\/wp\/v2\/pages"}],"about":[{"href":"https:\/\/expertsdentalclinic.com\/ru\/wp-json\/wp\/v2\/types\/page"}],"author":[{"embeddable":true,"href":"https:\/\/expertsdentalclinic.com\/ru\/wp-json\/wp\/v2\/users\/22142"}],"replies":[{"embeddable":true,"href":"https:\/\/expertsdentalclinic.com\/ru\/wp-json\/wp\/v2\/comments?post=1874"}],"version-history":[{"count":37,"href":"https:\/\/expertsdentalclinic.com\/ru\/wp-json\/wp\/v2\/pages\/1874\/revisions"}],"predecessor-version":[{"id":4712,"href":"https:\/\/expertsdentalclinic.com\/ru\/wp-json\/wp\/v2\/pages\/1874\/revisions\/4712"}],"up":[{"embeddable":true,"href":"https:\/\/expertsdentalclinic.com\/ru\/wp-json\/wp\/v2\/pages\/1871"}],"wp:featuredmedia":[{"embeddable":true,"href":"https:\/\/expertsdentalclinic.com\/ru\/wp-json\/wp\/v2\/media\/500"}],"wp:attachment":[{"href":"https:\/\/expertsdentalclinic.com\/ru\/wp-json\/wp\/v2\/media?parent=1874"}],"curies":[{"name":"wp","href":"https:\/\/api.w.org\/{rel}","templated":true}]}}